{"id":26232,"date":"2023-03-16T13:36:38","date_gmt":"2023-03-16T12:36:38","guid":{"rendered":"https:\/\/smania.store\/rs\/proizvod\/komplet-za-nokte-od-fiberglasa-artissimo\/"},"modified":"2026-04-16T03:13:49","modified_gmt":"2026-04-16T01:13:49","slug":"komplet-za-nokte-od-fiberglasa-artissimo","status":"publish","type":"product","link":"https:\/\/smania.store\/rs\/proizvod\/komplet-za-nokte-od-fiberglasa-artissimo\/","title":{"rendered":"Komplet za nokte od fiberglasa Artissimo"},"content":{"rendered":"<div class=\"smania_landing_description_title\">Uradi sam \ud83d\udc85 Komplet za nokte od fiberglasa Artissimo<\/div>\n<div class=\"smania_landing_description_txt\"> Komplet za nokte od fiberglasa<\/div>\n<div class=\"smania_landing_description_subtitle\">Zaboravite na \u010deste posete salonima lepote i probajte na\u0161 fiberglas komplet za nokte. Odre\u017eite tanki komad fiberglasa, stavite ga na nokat, stavite na njega malo gela za u\u010dvr\u0161\u0107ivanje, osu\u0161ite ga ispod lampe (nije uklju\u010dena) i kad se osu\u0161i, odstranite sve hrapave ivice ravnaju\u0107i ih. Zatim obojite i gotovi ste<\/div>\n<div class=\"smania_landing_description_list\">\n<ul>\n<li>Tanji i daleko prirodniji nokti, u pore\u0111enju sa drugim tehnikama <\/li>\n<li>Fleksibilni te\u0161ko se lome <\/li>\n<li>Bez mirisa i lako se uklanja <\/li>\n<li>VA\u017dNO: primenite samo ako imate zdrave i sjajne nokte!<\/li>\n<\/ul><\/div>\n","protected":false},"excerpt":{"rendered":"<p>Pogodan za ku\u0107nu ili profesionalnu upotrebu|Koristite LED UV lampu za nokte za bolje rezultate (nije uklju\u010dena) |Lako se nanosi i uklanja|Dugotrajni nokti, uz mogu\u0107nost popravke slomljenih noktiju |Ovaj komplet sadr\u017ei 20 komada svilenog fiberglasa i bocu gela za u\u010dvr\u0161\u0107ivanje|Veli\u010dina komada fiberglasa: 6 \u00d7 4 cm|Kapacitet gela za u\u010dvr\u0161\u0107ivanje: 15 ml|dostupne su 4 razli\u010dite boje <\/p>\n","protected":false},"featured_media":26224,"template":"","meta":[],"product_cat":[19],"product_tag":[1618],"acf":[],"_links":{"self":[{"href":"https:\/\/smania.store\/rs\/wp-json\/wp\/v2\/product\/26232"}],"collection":[{"href":"https:\/\/smania.store\/rs\/wp-json\/wp\/v2\/product"}],"about":[{"href":"https:\/\/smania.store\/rs\/wp-json\/wp\/v2\/types\/product"}],"wp:featuredmedia":[{"embeddable":true,"href":"https:\/\/smania.store\/rs\/wp-json\/wp\/v2\/media\/26224"}],"wp:attachment":[{"href":"https:\/\/smania.store\/rs\/wp-json\/wp\/v2\/media?parent=26232"}],"wp:term":[{"taxonomy":"product_cat","embeddable":true,"href":"https:\/\/smania.store\/rs\/wp-json\/wp\/v2\/product_cat?post=26232"},{"taxonomy":"product_tag","embeddable":true,"href":"https:\/\/smania.store\/rs\/wp-json\/wp\/v2\/product_tag?post=26232"}],"curies":[{"name":"wp","href":"https:\/\/api.w.org\/{rel}","templated":true}]}}