{"id":26158,"date":"2023-03-16T13:32:42","date_gmt":"2023-03-16T12:32:42","guid":{"rendered":"https:\/\/smania.store\/rs\/proizvod\/lezerna-pundja-bunscrunch\/"},"modified":"2026-03-19T14:12:56","modified_gmt":"2026-03-19T13:12:56","slug":"lezerna-pundja-bunscrunch","status":"publish","type":"product","link":"https:\/\/smania.store\/rs\/proizvod\/lezerna-pundja-bunscrunch\/","title":{"rendered":"Le\u017eerna pun\u0111a BunScrunch"},"content":{"rendered":"<div class=\"smania_landing_description_title\">NOVO! Le\u017eerna pun\u0111a BunScrunch<\/div>\n<div class=\"smania_landing_description_txt\">Frizura potrebna svakoj kraljici!<\/div>\n<div class=\"smania_landing_description_subtitle\">I vas \u0107e da osvoji ovaj novi favorit na\u0161ih kupaca \u2013 BunScrunch \u010dupavica. Ve\u017eite kosu u pun\u0111u na \u017eeljenoj visini, zaka\u010dite pramen i podesite tako da formirate savr\u0161eno le\u017eerni izgled pun\u0111e. Tako je lako!<\/div>\n<div class=\"smania_landing_description_list\">\n<ul>\n<li>Stvara prirodan i le\u017eeran izgled pun\u0111e<\/li>\n<li>Jednostavna za upotrebu \u2013 kao svaki umetak<\/li>\n<li>Ne o\u0161te\u0107uje va\u0161u kosu<\/li>\n<li>Pogodna je za pranje i oblikovanje<\/li>\n<li>Dostupna u 4 boje<\/li>\n<\/ul><\/div>\n","protected":false},"excerpt":{"rendered":"<p>Must-have umetak za kosu|Savr\u0161ena za sve tipove kose|Jednostavna za upotrebu|Mo\u017eete da je kovrd\u017eate ili ispravljate|Perite je ru\u010dno i ostavite da se prirodno su\u0161i|Otporna na visoke temperature|4 razli\u010dite varijante boje|Materijal: sinteti\u010dko vlakno<\/p>\n","protected":false},"featured_media":36486,"template":"","meta":[],"product_cat":[19],"product_tag":[1501],"acf":[],"_links":{"self":[{"href":"https:\/\/smania.store\/rs\/wp-json\/wp\/v2\/product\/26158"}],"collection":[{"href":"https:\/\/smania.store\/rs\/wp-json\/wp\/v2\/product"}],"about":[{"href":"https:\/\/smania.store\/rs\/wp-json\/wp\/v2\/types\/product"}],"wp:featuredmedia":[{"embeddable":true,"href":"https:\/\/smania.store\/rs\/wp-json\/wp\/v2\/media\/36486"}],"wp:attachment":[{"href":"https:\/\/smania.store\/rs\/wp-json\/wp\/v2\/media?parent=26158"}],"wp:term":[{"taxonomy":"product_cat","embeddable":true,"href":"https:\/\/smania.store\/rs\/wp-json\/wp\/v2\/product_cat?post=26158"},{"taxonomy":"product_tag","embeddable":true,"href":"https:\/\/smania.store\/rs\/wp-json\/wp\/v2\/product_tag?post=26158"}],"curies":[{"name":"wp","href":"https:\/\/api.w.org\/{rel}","templated":true}]}}