{"id":26148,"date":"2023-03-16T13:31:59","date_gmt":"2023-03-16T12:31:59","guid":{"rendered":"https:\/\/smania.store\/rs\/proizvod\/set-magnetskih-posuda-za-zacine-multispice\/"},"modified":"2026-02-23T12:13:39","modified_gmt":"2026-02-23T11:13:39","slug":"set-magnetskih-posuda-za-zacine-multispice","status":"publish","type":"product","link":"https:\/\/smania.store\/rs\/proizvod\/set-magnetskih-posuda-za-zacine-multispice\/","title":{"rendered":"Set magnetskih posuda za za\u010dine MultiSpice"},"content":{"rendered":"<div class=\"smania_landing_description_title\">NOVO! Set magnetskih posuda za za\u010dine MultiSpice<\/div>\n<div class=\"smania_landing_description_txt\">Prakti\u010dan set za\u010dina za bolju organizaciju va\u0161e kuhinje!<\/div>\n<div class=\"smania_landing_description_subtitle\">Bilo da ih stavite na kuhinjsu radnu plo\u010du ili zalepite za fri\u017eider ili zid, MultiSpice set omogu\u0107ava da su za\u010dini uvek na dohvat ruke. Pravite ukusna jela \u0161tede\u0107i vreme!<\/div>\n<div class=\"smania_landing_description_list\">\n<ul>\n<li>Magnetsko dno na svakoj posudi omogu\u0107ava prijanjanje na tacnu ili bilo koju metalnu povr\u0161inu<\/li>\n<li>Podesite veli\u010dinu otvora posude rotacijom poklopca posude<\/li>\n<li>Providni poklopac omogu\u0107ava pregled preostale koli\u010dine za\u010dina<\/li>\n<li>Samolepljive nalepnice omogu\u0107avaju pri\u010dvr\u0161\u0107ivanje seta na svaku ravnu povr\u0161inu<\/li>\n<li>Set je napravljen od visokokvalitetnog, ner\u0111aju\u0107eg \u010delika<\/li>\n<\/ul><\/div>\n","protected":false},"excerpt":{"rendered":"<p>Materijal otporan na r\u0111u i pra\u0161inu|Savr\u0161en za sve za\u010dine i bilje|Dimenzije tacne sa 4 posude:<br \/> 29,7 \u00d7 7,4 cm|Dimenzije tacne sa 12 posuda:<br \/> 30,5 \u00d7 21,6 cm|Pre\u010dnik pojedina\u010dne posude: 63 mm|Materijal: ner\u0111aju\u0107i \u010delik, magneti|Paket uklju\u010duje: posude za za\u010dine, tacnu, samolepljive nalepnice, etikete za za\u010dine<\/p>\n","protected":false},"featured_media":26140,"template":"","meta":[],"product_cat":[223,1957,1951],"product_tag":[1523],"acf":[],"_links":{"self":[{"href":"https:\/\/smania.store\/rs\/wp-json\/wp\/v2\/product\/26148"}],"collection":[{"href":"https:\/\/smania.store\/rs\/wp-json\/wp\/v2\/product"}],"about":[{"href":"https:\/\/smania.store\/rs\/wp-json\/wp\/v2\/types\/product"}],"wp:featuredmedia":[{"embeddable":true,"href":"https:\/\/smania.store\/rs\/wp-json\/wp\/v2\/media\/26140"}],"wp:attachment":[{"href":"https:\/\/smania.store\/rs\/wp-json\/wp\/v2\/media?parent=26148"}],"wp:term":[{"taxonomy":"product_cat","embeddable":true,"href":"https:\/\/smania.store\/rs\/wp-json\/wp\/v2\/product_cat?post=26148"},{"taxonomy":"product_tag","embeddable":true,"href":"https:\/\/smania.store\/rs\/wp-json\/wp\/v2\/product_tag?post=26148"}],"curies":[{"name":"wp","href":"https:\/\/api.w.org\/{rel}","templated":true}]}}