{"id":26080,"date":"2023-03-16T13:17:23","date_gmt":"2023-03-16T12:17:23","guid":{"rendered":"https:\/\/smania.store\/rs\/proizvod\/igra-gadjanja-mete-ducky\/"},"modified":"2025-08-19T18:32:42","modified_gmt":"2025-08-19T16:32:42","slug":"igra-gadjanja-mete-ducky","status":"publish","type":"product","link":"https:\/\/smania.store\/rs\/proizvod\/igra-gadjanja-mete-ducky\/","title":{"rendered":"Igra ga\u0111anja mete Ducky"},"content":{"rendered":"<div class=\"smania_landing_description_title\">NOVO! Igra ga\u0111anja mete Ducky<\/div>\n<div class=\"smania_landing_description_txt\">Izazovite prijatelja na ga\u0111anje mete!<\/div>\n<div class=\"smania_landing_description_subtitle\">Poru\u010dite ovu divnu Ducky igru ga\u0111anja mete i ubacite loptice u polugu-jezik za skupljanje poena. Pozovite prijatelja na uzbudljivo takmi\u010denje u ga\u0111anju mete ili sami poku\u0161ajte da nahranite Ducky. Uvek gladna patkica \u0107e vam zahvaliti proizvode\u0107i interesantan zvuk.<\/div>\n<div class=\"smania_landing_description_list\">\n<ul>\n<li>Simpati\u010dan dizajn patkice iz crti\u0107a<\/li>\n<li>LCD displej za automatsko bodovanje<\/li>\n<li>Sigurna i dragocena igra\u010dka na vazdu\u0161ni pogon sa puno bezbednih mekanih penastih loptica u njoj<\/li>\n<li>Ducky proizvodi interesantan zvuk kad pogodite cilj<\/li>\n<li>Savr\u0161en poklon za bezbrojne sate zabave<\/li>\n<\/ul><\/div>\n","protected":false},"excerpt":{"rendered":"<p>Pi\u0161tolj na vazdu\u0161ni pogon|Mekane i bezopasne penaste loptice|Elektronsko bodovanje|Urnebesni zvuci|Regularni set: 1 \u00d7 patkica igra\u010dka, 1 \u00d7 pi\u0161tolj igra\u010dka, 12 \u00d7 penastih loptica|Pro\u0161ireni set: 1 \u00d7 patkica igra\u010dka, 2 \u00d7 pi\u0161tolj igra\u010dka, 24 \u00d7 penastih loptica|Patkica igra\u010dka zahteva 2 AA baterije (nisu uklju\u010dene)|Materijal: PP, EVA<\/p>\n","protected":false},"featured_media":32416,"template":"","meta":[],"product_cat":[1957,21,1562],"product_tag":[1571,1479],"acf":[],"_links":{"self":[{"href":"https:\/\/smania.store\/rs\/wp-json\/wp\/v2\/product\/26080"}],"collection":[{"href":"https:\/\/smania.store\/rs\/wp-json\/wp\/v2\/product"}],"about":[{"href":"https:\/\/smania.store\/rs\/wp-json\/wp\/v2\/types\/product"}],"wp:featuredmedia":[{"embeddable":true,"href":"https:\/\/smania.store\/rs\/wp-json\/wp\/v2\/media\/32416"}],"wp:attachment":[{"href":"https:\/\/smania.store\/rs\/wp-json\/wp\/v2\/media?parent=26080"}],"wp:term":[{"taxonomy":"product_cat","embeddable":true,"href":"https:\/\/smania.store\/rs\/wp-json\/wp\/v2\/product_cat?post=26080"},{"taxonomy":"product_tag","embeddable":true,"href":"https:\/\/smania.store\/rs\/wp-json\/wp\/v2\/product_tag?post=26080"}],"curies":[{"name":"wp","href":"https:\/\/api.w.org\/{rel}","templated":true}]}}