{"id":26051,"date":"2023-03-16T13:16:47","date_gmt":"2023-03-16T12:16:47","guid":{"rendered":"https:\/\/smania.store\/rs\/proizvod\/flipgo-nadogradnja-kose\/"},"modified":"2026-02-28T17:59:35","modified_gmt":"2026-02-28T16:59:35","slug":"flipgo-nadogradnja-kose","status":"publish","type":"product","link":"https:\/\/smania.store\/rs\/proizvod\/flipgo-nadogradnja-kose\/","title":{"rendered":"Flip&Go nadogradnja kose"},"content":{"rendered":"<div class=\"smania_landing_description_title\">NOVO! Flip&Go nadogradnja kose<\/div>\n<div class=\"smania_landing_description_txt\">Novi izgled i ve\u0107i volume za sekund!<\/div>\n<div class=\"smania_landing_description_subtitle\">Zaboravite na duge sate u frizerskom salonu i na o\u0161te\u0107enu kosu, izaberite Flip&Go nadogradnju kose.Dodajete du\u017einu i volume va\u0161oj kosi za tren. Samo podignete \u010de\u0161ljem pramen na vrhu, i oblikujete je po \u017eelji.<\/div>\n<div class=\"smania_landing_description_list\">\n<ul>\n<li>Prirodan izgled i ne\u017ean ose\u0107aj<\/li>\n<li>60 cm du\u017eina za lak\u0161e oblikovanje<\/li>\n<li>Brzo, privremeno i bez o\u0161te\u0107enja<\/li>\n<li>Lagana i udobna<\/li>\n<li>Lako se pere i odr\u017eava<\/li>\n<\/ul><\/div>\n","protected":false},"excerpt":{"rendered":"<p>Izgled prirodne kose|Transformi\u0161e kosu za tren|Jednostavan, pozdan dizajn sa \u017eicom|Lagana i udobna|Du\u017eina: 60 cm|Te\u017eina: 100\u2013110 g|Materijal: sintheti\u010dka vlakna otporna na visoku temperaturu|3 stila i 5 boja na izbor<\/p>\n","protected":false},"featured_media":26043,"template":"","meta":[],"product_cat":[19],"product_tag":[1501,1502],"acf":[],"_links":{"self":[{"href":"https:\/\/smania.store\/rs\/wp-json\/wp\/v2\/product\/26051"}],"collection":[{"href":"https:\/\/smania.store\/rs\/wp-json\/wp\/v2\/product"}],"about":[{"href":"https:\/\/smania.store\/rs\/wp-json\/wp\/v2\/types\/product"}],"wp:featuredmedia":[{"embeddable":true,"href":"https:\/\/smania.store\/rs\/wp-json\/wp\/v2\/media\/26043"}],"wp:attachment":[{"href":"https:\/\/smania.store\/rs\/wp-json\/wp\/v2\/media?parent=26051"}],"wp:term":[{"taxonomy":"product_cat","embeddable":true,"href":"https:\/\/smania.store\/rs\/wp-json\/wp\/v2\/product_cat?post=26051"},{"taxonomy":"product_tag","embeddable":true,"href":"https:\/\/smania.store\/rs\/wp-json\/wp\/v2\/product_tag?post=26051"}],"curies":[{"name":"wp","href":"https:\/\/api.w.org\/{rel}","templated":true}]}}