{"id":25983,"date":"2023-03-16T13:12:06","date_gmt":"2023-03-16T12:12:06","guid":{"rendered":"https:\/\/smania.store\/rs\/proizvod\/kovrdzava-perika-shannon\/"},"modified":"2026-03-20T20:46:25","modified_gmt":"2026-03-20T19:46:25","slug":"kovrdzava-perika-shannon","status":"publish","type":"product","link":"https:\/\/smania.store\/rs\/proizvod\/kovrdzava-perika-shannon\/","title":{"rendered":"Kovrd\u017eava perika Shannon"},"content":{"rendered":"<div class=\"smania_landing_description_title\">VAU! Kovrd\u017eava perika Shannon<\/div>\n<div class=\"smania_landing_description_txt\">Promenite svoj izgled za tren!<\/div>\n<div class=\"smania_landing_description_subtitle\">Usudite se za promenu modernom perikom Shannon i zra\u010dite va\u0161om smelom, \u017eenstvenom energijom! Sa bujnim kovrd\u017eama prirodnog izgleda u predivnim bojama koje dopunjuju sve tipove tena, bi\u0107ete spremni za svaku priliku, bilo da \u017eelite da pobolj\u0161ate va\u0161 svakodnevni stil ili da zadivite sve prisutne na sve\u010danostima.<\/div>\n<div class=\"smania_landing_description_list\">\n<ul>\n<li>Lagane kovrd\u017ee prirodnog izgleda <\/li>\n<li>Podesive trake za savr\u0161eno pri\u010dvr\u0161\u0107ivanje<\/li>\n<li>Prozra\u010dna i udobna mre\u017ea za kosu <\/li>\n<li>Ostaje na mestu tokom celog dana <\/li>\n<li>Dostupna u 4 razli\u010dite boje<\/li>\n<\/ul><\/div>\n","protected":false},"excerpt":{"rendered":"<p>BESPLATAN poklon: kapa za periku|Dizajn sa kop\u010dom|Prozra\u010dna i lagana|Jednostavno odr\u017eavanje |Prilago\u0111ena ve\u0107ini obliku glava |Podesiva du\u017eina traka|Jaka i izdr\u017eljiva unutra\u0161nja mre\u017ea|Du\u017eina: 30\/35 cm|Te\u017eina: 150 g|Materijal: sintheti\u010dko vlakno <\/p>\n","protected":false},"featured_media":25974,"template":"","meta":[],"product_cat":[1956,22],"product_tag":[1502],"acf":[],"_links":{"self":[{"href":"https:\/\/smania.store\/rs\/wp-json\/wp\/v2\/product\/25983"}],"collection":[{"href":"https:\/\/smania.store\/rs\/wp-json\/wp\/v2\/product"}],"about":[{"href":"https:\/\/smania.store\/rs\/wp-json\/wp\/v2\/types\/product"}],"wp:featuredmedia":[{"embeddable":true,"href":"https:\/\/smania.store\/rs\/wp-json\/wp\/v2\/media\/25974"}],"wp:attachment":[{"href":"https:\/\/smania.store\/rs\/wp-json\/wp\/v2\/media?parent=25983"}],"wp:term":[{"taxonomy":"product_cat","embeddable":true,"href":"https:\/\/smania.store\/rs\/wp-json\/wp\/v2\/product_cat?post=25983"},{"taxonomy":"product_tag","embeddable":true,"href":"https:\/\/smania.store\/rs\/wp-json\/wp\/v2\/product_tag?post=25983"}],"curies":[{"name":"wp","href":"https:\/\/api.w.org\/{rel}","templated":true}]}}