{"id":25963,"date":"2023-03-16T13:10:58","date_gmt":"2023-03-16T12:10:58","guid":{"rendered":"https:\/\/smania.store\/rs\/proizvod\/ekstenzije-za-kosu-sa-kopcom-clipgo\/"},"modified":"2025-03-04T11:47:04","modified_gmt":"2025-03-04T10:47:04","slug":"ekstenzije-za-kosu-sa-kopcom-clipgo","status":"publish","type":"product","link":"https:\/\/smania.store\/rs\/proizvod\/ekstenzije-za-kosu-sa-kopcom-clipgo\/","title":{"rendered":"Ekstenzije za kosu sa kop\u010dom Clip&Go"},"content":{"rendered":"<div class=\"smania_landing_description_title\">VAU! Ekstenzije za kosu sa kop\u010dom Clip&Go<\/div>\n<div class=\"smania_landing_description_txt\"> Dodajte volume va\u0161oj kosi za tren!<\/div>\n<div class=\"smania_landing_description_subtitle\">Prirodan izgled ekstenzija za kosu Clip&Go su brzo i privremeno re\u0161enje za transformaciju va\u0161eg izgleda bez lepljenja i o\u0161te\u0107enja kose. Lagane i udobne, savr\u0161ene su za posebne prilike, zabave, i svakodnevno no\u0161enje.<\/div>\n<div class=\"smania_landing_description_list\">\n<ul>\n<li>Visokokvalitetna sinteti\u010dka vlakna omogu\u0107avaju prirodan izgled i meko\u0107u<\/li>\n<li>Neverovatno lagana i udobna za no\u0161enje<\/li>\n<li>Jednostavno i brzo se stavlja kop\u010dom za kosu<\/li>\n<li>Mo\u017ee se oblikovati peglom za kosu ili toplim uvija\u010dem<\/li>\n<li>Dostupna u razli\u010ditim nijansama<\/li>\n<\/ul><\/div>\n","protected":false},"excerpt":{"rendered":"<p>Prirodan izgled |Trenutni efekat pove\u0107anja volumea|Jednostavan dizajn sa kop\u010dom|Ne o\u0161te\u0107uju kosu|Udobne za no\u0161enje|Dizajnirano za du\u017eu upotrebu|Otporne na toplotu |\u0160irina: 7,5 cm|Du\u017eina: 30 cm (mo\u017ee se ise\u0107i na \u017eeljenu du\u017einu)|Materijal: sinteti\u010dka vlakna<\/p>\n","protected":false},"featured_media":25955,"template":"","meta":[],"product_cat":[22],"product_tag":[1502],"acf":[],"_links":{"self":[{"href":"https:\/\/smania.store\/rs\/wp-json\/wp\/v2\/product\/25963"}],"collection":[{"href":"https:\/\/smania.store\/rs\/wp-json\/wp\/v2\/product"}],"about":[{"href":"https:\/\/smania.store\/rs\/wp-json\/wp\/v2\/types\/product"}],"wp:featuredmedia":[{"embeddable":true,"href":"https:\/\/smania.store\/rs\/wp-json\/wp\/v2\/media\/25955"}],"wp:attachment":[{"href":"https:\/\/smania.store\/rs\/wp-json\/wp\/v2\/media?parent=25963"}],"wp:term":[{"taxonomy":"product_cat","embeddable":true,"href":"https:\/\/smania.store\/rs\/wp-json\/wp\/v2\/product_cat?post=25963"},{"taxonomy":"product_tag","embeddable":true,"href":"https:\/\/smania.store\/rs\/wp-json\/wp\/v2\/product_tag?post=25963"}],"curies":[{"name":"wp","href":"https:\/\/api.w.org\/{rel}","templated":true}]}}