{"id":25879,"date":"2023-03-16T13:03:28","date_gmt":"2023-03-16T12:03:28","guid":{"rendered":"https:\/\/smania.store\/rs\/proizvod\/siske-sa-kopcom-bonita\/"},"modified":"2025-11-03T20:50:59","modified_gmt":"2025-11-03T19:50:59","slug":"siske-sa-kopcom-bonita","status":"publish","type":"product","link":"https:\/\/smania.store\/rs\/proizvod\/siske-sa-kopcom-bonita\/","title":{"rendered":"\u0160i\u0161ke sa kop\u010dom Bonita"},"content":{"rendered":"<div class=\"smania_landing_description_title\">Sasvim novo u na\u0161oj prodaji! \u0160i\u0161ke sa kop\u010dom Bonita<\/div>\n<div class=\"smania_landing_description_txt\">Promenite frizuru bez \u0161i\u0161anja!<\/div>\n<div class=\"smania_landing_description_subtitle\">Ove \u0161i\u0161ke sa kop\u010dom su idealne za novu frizuru sa \u0161i\u0161kama bez se\u010denja va\u0161e kose. Napravljene od visokokvalitetnih materijala, prakti\u010dne \u0161i\u0161ke sa kop\u010dom daju prirodni izgled kose za tren!<\/div>\n<div class=\"smania_landing_description_list\">\n<ul>\n<li>Promenite va\u0161 svakodnevni stil<\/li>\n<li>Jednostavno u\u010dvrstite kop\u010dom<\/li>\n<li>Mo\u017eete ih oblikovati greja\u010dem za kosu<\/li>\n<li>Ne o\u0161te\u0107uje va\u0161u kosu<\/li>\n<li>Lagane i prirodnog izgleda<\/li>\n<\/ul><\/div>\n","protected":false},"excerpt":{"rendered":"<p>Transformi\u0161ite frizuru za par sekundi|Jednostavan, dizajn sa \u010dvrstom kop\u010dom|Izgled prirodne kose|Secite \u0161i\u0161ke na bilo koju du\u017einu prema svom licu i obliku frizure |Mogu se oblikovati greja\u010dem do 210 \u00b0C|Tekstura: svilenkasto glatka|Dostupne u 7 boja|100% garancija zadovoljstva <\/p>\n","protected":false},"featured_media":25869,"template":"","meta":[],"product_cat":[19],"product_tag":[1501,1502],"acf":[],"_links":{"self":[{"href":"https:\/\/smania.store\/rs\/wp-json\/wp\/v2\/product\/25879"}],"collection":[{"href":"https:\/\/smania.store\/rs\/wp-json\/wp\/v2\/product"}],"about":[{"href":"https:\/\/smania.store\/rs\/wp-json\/wp\/v2\/types\/product"}],"wp:featuredmedia":[{"embeddable":true,"href":"https:\/\/smania.store\/rs\/wp-json\/wp\/v2\/media\/25869"}],"wp:attachment":[{"href":"https:\/\/smania.store\/rs\/wp-json\/wp\/v2\/media?parent=25879"}],"wp:term":[{"taxonomy":"product_cat","embeddable":true,"href":"https:\/\/smania.store\/rs\/wp-json\/wp\/v2\/product_cat?post=25879"},{"taxonomy":"product_tag","embeddable":true,"href":"https:\/\/smania.store\/rs\/wp-json\/wp\/v2\/product_tag?post=25879"}],"curies":[{"name":"wp","href":"https:\/\/api.w.org\/{rel}","templated":true}]}}