{"id":25856,"date":"2023-03-16T13:02:26","date_gmt":"2023-03-16T12:02:26","guid":{"rendered":"https:\/\/smania.store\/rs\/proizvod\/medved-od-plisanih-ruza-lovebear\/"},"modified":"2025-04-20T23:21:17","modified_gmt":"2025-04-20T21:21:17","slug":"medved-od-plisanih-ruza-lovebear","status":"publish","type":"product","link":"https:\/\/smania.store\/rs\/proizvod\/medved-od-plisanih-ruza-lovebear\/","title":{"rendered":"Medved od pli\u0161anih ru\u017ea LoveBear"},"content":{"rendered":"<div class=\"smania_landing_description_title\">NOVO! Medved od pli\u0161anih ru\u017ea LoveBear<\/div>\n<div class=\"smania_landing_description_txt\">Poklonite svoju ve\u010dnu ljubav u obliku \u0161armantnog medveda!<\/div>\n<div class=\"smania_landing_description_subtitle\">Ru\u017ee koje nikad ne venu su savr\u0161en izraz va\u0161e ve\u010dne i beskrajne ljubavi. Poklonite ga svojim najmilijim, va\u0161oj majci, sestri ili prijatelju kao simbol beskrajne zahvalnosti i bezgrani\u010dne ljubavi.<\/div>\n<div class=\"smania_landing_description_list\">\n<ul>\n<li>Nezaboravan i \u0161armantan poklon koji zauvek traje<\/li>\n<li>Simbol bezgrani\u010dne zahvalnosti i beskrajne ljubavi<\/li>\n<li>Dostupan u prelepim \u017eivim bojama<\/li>\n<li>Visokokvalitetna izrada od ve\u0161ta\u010dkih ru\u017ea<\/li>\n<li>Predivna dekoracija ili poklon za specijalne prilike<\/li>\n<li>Veli\u010dina: 25 \u00d7 15 \u00d7 15 cm<\/li>\n<\/ul><\/div>\n","protected":false},"excerpt":{"rendered":"<p>Izuzetno \u0161armantan, ne\u017ean i prijatan na dodir|Simbolizuje ve\u010dnost i beskona\u010dnost|Savr\u0161ena ideja za poklon sa posebnom porukom|Ljupka alternativa uobi\u010dajenom buketu ru\u017ea|Kvalitetna izrada od ve\u0161ta\u010dkih ru\u017ea|Dostupan u 6 \u017eivih boja|Materijal: PE pena|Veli\u010dina: 25 \u00d7 15 \u00d7 15 cm<\/p>\n","protected":false},"featured_media":25848,"template":"","meta":[],"product_cat":[1964,16,1563,1956],"product_tag":[1489],"acf":[],"_links":{"self":[{"href":"https:\/\/smania.store\/rs\/wp-json\/wp\/v2\/product\/25856"}],"collection":[{"href":"https:\/\/smania.store\/rs\/wp-json\/wp\/v2\/product"}],"about":[{"href":"https:\/\/smania.store\/rs\/wp-json\/wp\/v2\/types\/product"}],"wp:featuredmedia":[{"embeddable":true,"href":"https:\/\/smania.store\/rs\/wp-json\/wp\/v2\/media\/25848"}],"wp:attachment":[{"href":"https:\/\/smania.store\/rs\/wp-json\/wp\/v2\/media?parent=25856"}],"wp:term":[{"taxonomy":"product_cat","embeddable":true,"href":"https:\/\/smania.store\/rs\/wp-json\/wp\/v2\/product_cat?post=25856"},{"taxonomy":"product_tag","embeddable":true,"href":"https:\/\/smania.store\/rs\/wp-json\/wp\/v2\/product_tag?post=25856"}],"curies":[{"name":"wp","href":"https:\/\/api.w.org\/{rel}","templated":true}]}}