{"id":24359,"date":"2022-11-02T12:40:11","date_gmt":"2022-11-02T11:40:11","guid":{"rendered":"https:\/\/smania.store\/rs\/proizvod\/olovka-rezac-plocica-scribex\/"},"modified":"2026-01-14T16:57:42","modified_gmt":"2026-01-14T15:57:42","slug":"olovka-rezac-plocica-scribex","status":"publish","type":"product","link":"https:\/\/smania.store\/rs\/proizvod\/olovka-rezac-plocica-scribex\/","title":{"rendered":"Olovka-reza\u010d plo\u010dica ScribeX"},"content":{"rendered":"<div class=\"smania_landing_description_title\">Novo! Olovka reza\u010d plo\u010dica ScribeX<\/div>\n<div class=\"smania_landing_description_txt\">Bezbedno se\u010de plo\u010dice bez imalo pra\u0161ine!<\/div>\n<div class=\"smania_landing_description_subtitle\">ScribeX je svar\u0161ena alternativa za te\u0161ke i opasne testere i brusilice za plo\u010dice. O\u0161tar vrh od volfram \u010delika \u0107e jednim jednostavnim potezom odrezati plo\u010dicu ili precizno ugravirati poruku na vazi za va\u0161e voljene.<\/div>\n<div class=\"smania_landing_description_list\">\n<ul>\n<li>Savr\u0161ena za markiranje, graviranje, i rezanje plo\u010dica, stakla, ili mermera<\/li>\n<li>Neverovatno jak vrh od volfram \u010delika stvara precisne linije<\/li>\n<li>Udoban oblik olovke sa udobnom kop\u010dom za d\u017eep<\/li>\n<li>Ne stvara pra\u0161inu niti pukotine pri rezanju plo\u010dica<\/li>\n<li>Plasti\u010dni poklopac vrha spre\u010dava slu\u010dajna o\u0161te\u0107enja i ubode<\/li>\n<\/ul><\/div>\n","protected":false},"excerpt":{"rendered":"<p>Savr\u0161ena za se\u010denje plo\u010dica i graviranje|Izuzetno \u010dvrst i o\u0161tar vrh|Plasti\u010dni poklopac za za\u0161titu vrha|Pogodan za keramiku, staklo, metal, plastiku, i drvo|Lagana i prenosiva|\u010cvrsto\u0107a vrha: 50 HRC|Du\u017eina: 13,6 cm|Materijal vrha: volfram \u010delik<\/p>\n","protected":false},"featured_media":24351,"template":"","meta":[],"product_cat":[222],"product_tag":[1577],"acf":[],"_links":{"self":[{"href":"https:\/\/smania.store\/rs\/wp-json\/wp\/v2\/product\/24359"}],"collection":[{"href":"https:\/\/smania.store\/rs\/wp-json\/wp\/v2\/product"}],"about":[{"href":"https:\/\/smania.store\/rs\/wp-json\/wp\/v2\/types\/product"}],"wp:featuredmedia":[{"embeddable":true,"href":"https:\/\/smania.store\/rs\/wp-json\/wp\/v2\/media\/24351"}],"wp:attachment":[{"href":"https:\/\/smania.store\/rs\/wp-json\/wp\/v2\/media?parent=24359"}],"wp:term":[{"taxonomy":"product_cat","embeddable":true,"href":"https:\/\/smania.store\/rs\/wp-json\/wp\/v2\/product_cat?post=24359"},{"taxonomy":"product_tag","embeddable":true,"href":"https:\/\/smania.store\/rs\/wp-json\/wp\/v2\/product_tag?post=24359"}],"curies":[{"name":"wp","href":"https:\/\/api.w.org\/{rel}","templated":true}]}}