{"id":24284,"date":"2022-11-02T11:55:57","date_gmt":"2022-11-02T10:55:57","guid":{"rendered":"https:\/\/smania.store\/rs\/proizvod\/profesionalna-endoskopska-kamera-quickpeek\/"},"modified":"2026-04-29T09:48:55","modified_gmt":"2026-04-29T07:48:55","slug":"profesionalna-endoskopska-kamera-quickpeek","status":"publish","type":"product","link":"https:\/\/smania.store\/rs\/proizvod\/profesionalna-endoskopska-kamera-quickpeek\/","title":{"rendered":"Profesionalna endoskopska kamera QuickPeek"},"content":{"rendered":"<div class=\"smania_landing_description_title\">NOVO! Profesionalna endoskopska kamera QuickPeek<\/div>\n<div class=\"smania_landing_description_txt\">Vrhunska tehnologija!<\/div>\n<div class=\"smania_landing_description_subtitle\">Ako ste vlasnik ku\u0107e koji \u017eeli da posmatra iznutra svoje zidove ne uklanjaju\u0107i ih ili vodoinstalater koji \u017eeli da zaroni duboko u unutra\u0161njost cevi bez demonta\u017ee vodovodnog sistema, tu je re\u0161enje! Profesionalna endoskopska kamera QuickPeek \u2013 zmijska kamera koja mo\u017ee da se u\u0161unja pored blokova i barijera i snimi o\u0161tre slike \/b> u punoj boji!<\/div>\n<div class=\"smania_landing_description_list\">\n<ul>\n<li>Snima ultra-glatke i kristalno jasne 1080P video snimke<\/li>\n<li>Sadr\u017ei 4,3-in\u010dni kolor displej sa vodootpornim endoskopom<\/li>\n<li>Uklju\u010den je magnet, kuka i ogledalo za lak\u0161u upotrebu<\/li>\n<li>Ugra\u0111ena 2600 mAh baterija koja omogu\u0107ava do 5 sati kontinuiranog rada<\/li>\n<li>Mikro USB port omogu\u0107ava brz punjenje<\/li>\n<\/ul><\/div>\n","protected":false},"excerpt":{"rendered":"<p>Podesiva LED svetla za situacije sa prigu\u0161enim svetlom|1080p HD video snimanje|Ugra\u0111ena 2600 mAh baterija|IP67 vodootporni standard|Izdr\u017eljiva i prenosiva|Razli\u010dita du\u017eina kabla|4,3-in\u010da kolor LCD|Vreme radae: 3\u20135 hours|Rezolucija kameren: 1920 \u00d7 1080|Veli\u010dina so\u010diva: 8 mm|Dimenzije: 148 \u00d7 85 \u00d7 17 mm|Materijal: ABS<\/p>\n","protected":false},"featured_media":24513,"template":"","meta":[],"product_cat":[222,1957],"product_tag":[1514],"acf":[],"_links":{"self":[{"href":"https:\/\/smania.store\/rs\/wp-json\/wp\/v2\/product\/24284"}],"collection":[{"href":"https:\/\/smania.store\/rs\/wp-json\/wp\/v2\/product"}],"about":[{"href":"https:\/\/smania.store\/rs\/wp-json\/wp\/v2\/types\/product"}],"wp:featuredmedia":[{"embeddable":true,"href":"https:\/\/smania.store\/rs\/wp-json\/wp\/v2\/media\/24513"}],"wp:attachment":[{"href":"https:\/\/smania.store\/rs\/wp-json\/wp\/v2\/media?parent=24284"}],"wp:term":[{"taxonomy":"product_cat","embeddable":true,"href":"https:\/\/smania.store\/rs\/wp-json\/wp\/v2\/product_cat?post=24284"},{"taxonomy":"product_tag","embeddable":true,"href":"https:\/\/smania.store\/rs\/wp-json\/wp\/v2\/product_tag?post=24284"}],"curies":[{"name":"wp","href":"https:\/\/api.w.org\/{rel}","templated":true}]}}