{"id":23894,"date":"2022-09-20T11:35:48","date_gmt":"2022-09-20T09:35:48","guid":{"rendered":"https:\/\/smania.store\/rs\/proizvod\/zmigavac-za-bicikl-watchout\/"},"modified":"2025-06-09T09:00:18","modified_gmt":"2025-06-09T07:00:18","slug":"zmigavac-za-bicikl-watchout","status":"publish","type":"product","link":"https:\/\/smania.store\/rs\/proizvod\/zmigavac-za-bicikl-watchout\/","title":{"rendered":"\u017dmigavac za bicikl WatchOut"},"content":{"rendered":"<div class=\"smania_landing_description_title\">NOVO! \u017dmigavac za bicikl WatchOut<\/div>\n<div class=\"smania_landing_description_txt\">Pouzdan na\u010din komunikacije sa ostalim u\u010desnicima u saobra\u0107aju!<\/div>\n<div class=\"smania_landing_description_subtitle\">Koristite daljinski upravlja\u010d na va\u0161em upravlja\u010du da efikasno signalizirate voza\u010dima na putu u kom se smeru kre\u0107ete i bezbedno nastavite put. \u017dmigavac za bicikl WatchOut tako\u0111e radi i kao regularno zadnje svetlo.<\/div>\n<div class=\"smania_landing_description_list\">\n<ul>\n<li>Izuzetno jako zadnje svetlo sa jasno vidljivim signalima \u017emigavaca<\/li>\n<li>Neverovatno laka instalacija sa uklju\u010denim gumenim trakama<\/li>\n<li>IPX2 vodootpornost za ki\u0161ne i vla\u017ene dane<\/li>\n<li>Tri velika dugmeta na daljinskom upravlja\u010du za jednostavno upravljanje<\/li>\n<li>Savr\u0161en poklon za svakog bajkera<\/li>\n<\/ul><\/div>\n","protected":false},"excerpt":{"rendered":"<p>Be\u017ei\u010dna daljinska kontrola|Napaja se isporu\u010denim USB kablom|IPX2 vodotporan i izdr\u017eljiv|Jednostavna instalacija isporu\u010denim gumenim trakama|Domet daljinske kontrole: 3,5 m|Kapacitet baterija: 500 mAh|Vreme rada: 4\u20135 h|Materijal: plastika<\/p>\n","protected":false},"featured_media":23885,"template":"","meta":[],"product_cat":[1935,1955,21,1615],"product_tag":[1659,1545],"acf":[],"_links":{"self":[{"href":"https:\/\/smania.store\/rs\/wp-json\/wp\/v2\/product\/23894"}],"collection":[{"href":"https:\/\/smania.store\/rs\/wp-json\/wp\/v2\/product"}],"about":[{"href":"https:\/\/smania.store\/rs\/wp-json\/wp\/v2\/types\/product"}],"wp:featuredmedia":[{"embeddable":true,"href":"https:\/\/smania.store\/rs\/wp-json\/wp\/v2\/media\/23885"}],"wp:attachment":[{"href":"https:\/\/smania.store\/rs\/wp-json\/wp\/v2\/media?parent=23894"}],"wp:term":[{"taxonomy":"product_cat","embeddable":true,"href":"https:\/\/smania.store\/rs\/wp-json\/wp\/v2\/product_cat?post=23894"},{"taxonomy":"product_tag","embeddable":true,"href":"https:\/\/smania.store\/rs\/wp-json\/wp\/v2\/product_tag?post=23894"}],"curies":[{"name":"wp","href":"https:\/\/api.w.org\/{rel}","templated":true}]}}