{"id":23657,"date":"2022-09-01T07:55:20","date_gmt":"2022-09-01T05:55:20","guid":{"rendered":"https:\/\/smania.store\/rs\/proizvod\/kalimba\/"},"modified":"2024-03-07T08:09:06","modified_gmt":"2024-03-07T07:09:06","slug":"kalimba","status":"publish","type":"product","link":"https:\/\/smania.store\/rs\/proizvod\/kalimba\/","title":{"rendered":"Kalimba"},"content":{"rendered":"<div class=\"smania_landing_description_title\">Novo! Kalimba<\/div>\n<div class=\"smania_landing_description_txt\">Neka an\u0111eoska muzika zasvira pod va\u0161im palcima!<\/div>\n<div class=\"smania_landing_description_subtitle\">Kalimba je afri\u010dki muzi\u010dki instrument, koga nazivaju i klavir za palac. Napravljen je od mahogonija i 17 dirki od ner\u0111aju\u0107eg \u010delika, koji omogu\u0107avaju \u010dist i topao zvuk. Ako jo\u0161 niste nau\u010dili da svirate, lako \u0107ete da nau\u010dite i da beskrajno u\u017eivate.<\/div>\n<div class=\"smania_landing_description_list\">\n<ul>\n<li>Proizvodi kvalitetan i o\u010daravaju\u0107i zvuk<\/li>\n<li>Sviranje se lako nau\u010di<\/li>\n<li>Napravljen od vrhunskih kvalitetnih materijala<\/li>\n<li>Lako prenosive veli\u010dine<\/li>\n<li>Savr\u0161en poklon za ljubitelje muzike<\/li>\n<\/ul><\/div>\n","protected":false},"excerpt":{"rendered":"<p>Kvalitetan i izuzetno prijatan zvuk|Muzi\u010dki instrument koji se lako nau\u010di da svira|Napravljen od izvrsnih materijala, koji obezbe\u0111uju dugi vek trajanja|Savr\u0161en poklon za ljubitelje muzike|Materijal: mahogoni i ner\u0111aju\u0107i \u010delik|Dimenzije: 18 \u00d7 3 \u00d7 13 cm|Te\u017eina: 600 g|Pakovanje sadr\u017ei kalimbu, uputstva, nalepnice, tkaninu, vre\u0107u i tuning \u010deki\u0107e<\/p>\n","protected":false},"featured_media":23645,"template":"","meta":[],"product_cat":[1612,21],"product_tag":[1571,1484],"acf":[],"_links":{"self":[{"href":"https:\/\/smania.store\/rs\/wp-json\/wp\/v2\/product\/23657"}],"collection":[{"href":"https:\/\/smania.store\/rs\/wp-json\/wp\/v2\/product"}],"about":[{"href":"https:\/\/smania.store\/rs\/wp-json\/wp\/v2\/types\/product"}],"wp:featuredmedia":[{"embeddable":true,"href":"https:\/\/smania.store\/rs\/wp-json\/wp\/v2\/media\/23645"}],"wp:attachment":[{"href":"https:\/\/smania.store\/rs\/wp-json\/wp\/v2\/media?parent=23657"}],"wp:term":[{"taxonomy":"product_cat","embeddable":true,"href":"https:\/\/smania.store\/rs\/wp-json\/wp\/v2\/product_cat?post=23657"},{"taxonomy":"product_tag","embeddable":true,"href":"https:\/\/smania.store\/rs\/wp-json\/wp\/v2\/product_tag?post=23657"}],"curies":[{"name":"wp","href":"https:\/\/api.w.org\/{rel}","templated":true}]}}