{"id":23005,"date":"2022-03-16T12:19:07","date_gmt":"2022-03-16T11:19:07","guid":{"rendered":"https:\/\/smania.store\/rs\/proizvod\/mekani-tepih-medo-arktos\/"},"modified":"2026-01-19T14:31:51","modified_gmt":"2026-01-19T13:31:51","slug":"mekani-tepih-medo-arktos","status":"publish","type":"product","link":"https:\/\/smania.store\/rs\/proizvod\/mekani-tepih-medo-arktos\/","title":{"rendered":"Mekani tepih medo Arktos"},"content":{"rendered":"<div class=\"smania_landing_description_title\">NOVO! Mekani tepih medo Arktos<\/div>\n<div class=\"smania_landing_description_txt\">U\u0161u\u0161kajte se najmek\u0161im tepihom ikad!<\/div>\n<div class=\"smania_landing_description_subtitle\">Nije va\u017eno za koju je sobu namenjen dekor, ovaj super mekani tepih medo Arktos ukra\u0161ava svaki prostor! Namestite ga uz krevet za udobno spu\u0161tanje ili stavite akcent na izgled dnevne sobe! Dodajte eksploziju glamura na va\u0161e podove!<\/div>\n<div class=\"smania_landing_description_list\">\n<ul>\n<li>Pru\u017ea ose\u0107aj bar\u0161unaste meko\u0107e i bogatog izgleda<\/li>\n<li>Podi\u017ee estetski izgled va\u0161eg doma<\/li>\n<li>Daje ljupki i sve\u017e izgled va\u0161em prostoru<\/li>\n<li>Izra\u0111en od mekanog poliestera sa protivkliznom podlogom<\/li>\n<li>Jednostavan za \u010di\u0161\u0107enje i odr\u017eavanje obi\u010dnim usisiva\u010dem<\/li>\n<\/ul>\n<\/div>\n","protected":false},"excerpt":{"rendered":"<p>Privla\u010dan dizajn|Protivklizna podloga|Odli\u010dan dodatak svakom prostoru|Mekan, jednostavan i moderan|Izdr\u017eljiv i lak za \u010di\u0161\u0107enje|\u0160irok izbor boja|Materijal: Poliester, ve\u0161ta\u010dki antilop|Dimenzije: 60 \u00d7 80 cm<\/p>\n","protected":false},"featured_media":22998,"template":"","meta":[],"product_cat":[16,1956,1935],"product_tag":[1489],"acf":[],"_links":{"self":[{"href":"https:\/\/smania.store\/rs\/wp-json\/wp\/v2\/product\/23005"}],"collection":[{"href":"https:\/\/smania.store\/rs\/wp-json\/wp\/v2\/product"}],"about":[{"href":"https:\/\/smania.store\/rs\/wp-json\/wp\/v2\/types\/product"}],"wp:featuredmedia":[{"embeddable":true,"href":"https:\/\/smania.store\/rs\/wp-json\/wp\/v2\/media\/22998"}],"wp:attachment":[{"href":"https:\/\/smania.store\/rs\/wp-json\/wp\/v2\/media?parent=23005"}],"wp:term":[{"taxonomy":"product_cat","embeddable":true,"href":"https:\/\/smania.store\/rs\/wp-json\/wp\/v2\/product_cat?post=23005"},{"taxonomy":"product_tag","embeddable":true,"href":"https:\/\/smania.store\/rs\/wp-json\/wp\/v2\/product_tag?post=23005"}],"curies":[{"name":"wp","href":"https:\/\/api.w.org\/{rel}","templated":true}]}}