{"id":22743,"date":"2022-02-10T13:11:49","date_gmt":"2022-02-10T12:11:49","guid":{"rendered":"https:\/\/smania.store\/rs\/proizvod\/kozna-navlaka-za-volan\/"},"modified":"2025-03-26T09:20:46","modified_gmt":"2025-03-26T08:20:46","slug":"kozna-navlaka-za-volan","status":"publish","type":"product","link":"https:\/\/smania.store\/rs\/proizvod\/kozna-navlaka-za-volan\/","title":{"rendered":"Ko\u017ena navlaka za volan"},"content":{"rendered":"<div class=\"smania_landing_description_title\">NOVO! Ko\u017ena navlaka za volan<\/div>\n<div class=\"smania_landing_description_txt\">Vodite ra\u010duna o va\u0161em volanu i va\u0161oj bezbednosti!<\/div>\n<div class=\"smania_landing_description_subtitle\">Efikasno re\u0161enje za izlizani volan i za\u0161tita za nove volane. Prozra\u010dna i udobna navlaka da va\u0161e putovanje bude lako i udobno.<\/div>\n<div class=\"smania_landing_description_list\">\n<ul>\n<li>\u0160titi volan<\/li>\n<li>Neklizaju\u0107a povr\u0161ina<\/li>\n<li>Apsorbuje ne\u017eeljene vibracije<\/li>\n<li>Lako se instalira<\/li>\n<li>Elegantan ko\u017eni dizajn<\/li>\n<\/ul><\/div>\n","protected":false},"excerpt":{"rendered":"<p>\u0160titi i \u010duva volan|Neklizaju\u0107i materijal za bolju kontrolu|Apsorbuje vibracije i udobna za dr\u017eanje|Visokokvalitetan materijal, otporan na habanje|Savr\u0161ena za oba oblika volana O- i D-oblik|Pogodna za pre\u010dnike volana: 36\u201339 cm|Veli\u010dina: 32 x 8,5 cm|Materijal: mikrofiber, sinteti\u010dka ko\u017ea<\/p>\n","protected":false},"featured_media":25099,"template":"","meta":[],"product_cat":[18,1956,1955],"product_tag":[1551,1540],"acf":[],"_links":{"self":[{"href":"https:\/\/smania.store\/rs\/wp-json\/wp\/v2\/product\/22743"}],"collection":[{"href":"https:\/\/smania.store\/rs\/wp-json\/wp\/v2\/product"}],"about":[{"href":"https:\/\/smania.store\/rs\/wp-json\/wp\/v2\/types\/product"}],"wp:featuredmedia":[{"embeddable":true,"href":"https:\/\/smania.store\/rs\/wp-json\/wp\/v2\/media\/25099"}],"wp:attachment":[{"href":"https:\/\/smania.store\/rs\/wp-json\/wp\/v2\/media?parent=22743"}],"wp:term":[{"taxonomy":"product_cat","embeddable":true,"href":"https:\/\/smania.store\/rs\/wp-json\/wp\/v2\/product_cat?post=22743"},{"taxonomy":"product_tag","embeddable":true,"href":"https:\/\/smania.store\/rs\/wp-json\/wp\/v2\/product_tag?post=22743"}],"curies":[{"name":"wp","href":"https:\/\/api.w.org\/{rel}","templated":true}]}}