{"id":22416,"date":"2021-12-21T06:55:51","date_gmt":"2021-12-21T05:55:51","guid":{"rendered":"https:\/\/smania.store\/rs\/proizvod\/ukras-za-sto-bigmouth\/"},"modified":"2025-10-04T00:20:35","modified_gmt":"2025-10-03T22:20:35","slug":"ukras-za-sto-bigmouth","status":"publish","type":"product","link":"https:\/\/smania.store\/rs\/proizvod\/ukras-za-sto-bigmouth\/","title":{"rendered":"Ukras za sto BigMouth"},"content":{"rendered":"<div class=\"smania_landing_description_title\">Novo! Ukras za sto BigMouth<\/div>\n<div class=\"smania_landing_description_txt\">Ova \u0161armantna maca \u0107e sigurno osve\u017eiti va\u0161 dan!<\/div>\n<div class=\"smania_landing_description_subtitle\">Ova fantasti\u010dna dekoracija za sto BigMouth je napravljena od visokokvalitetnih i izdr\u017eljivih materijala na bazi smole sa izuzetnim ume\u0107em. Savr\u0161en na\u010din da se doda sofisticiranost va\u0161em stolu, polici, radnoj plo\u010di i \u010duvaju va\u0161e stvari \u010distim i organizovanim na jednom mestu!<\/div>\n<div class=\"smania_landing_description_list\">\n<ul>\n<li>Estetika pogodna za ure\u0111enje svakog doma<\/li>\n<li>Samostoje\u0107a sa neklizaju\u0107im dnom i za\u0161titom od grebanja<\/li>\n<li>Napravljen od izdr\u017eljive smole, lako se \u010disti i odr\u017eava<\/li>\n<li>Savr\u0161en poklon za sve ljubitelje maca<\/li>\n<li>Smestite va\u0161 telefon, nao\u010dare, klju\u010deve, slatki\u0161e, nakit, daljinski upravlja\u010d i drugo<\/li>\n<\/ul>\n<\/div>\n","protected":false},"excerpt":{"rendered":"<p>Dodir jedinstvenog stila |Slatka figura mace|Velika otvorena usta za sme\u0161taj|Odli\u010dan poklon za ljubitelje maca|Fantasti\u010dan dodatak za dom i kancelariju|Izdr\u017eljiv i lako se odr\u017eava|Materijal: Smola|Dimenzije: 27 \u00d7 16,5 \u00d7 18,5 cm<\/p>\n","protected":false},"featured_media":22412,"template":"","meta":[],"product_cat":[16],"product_tag":[1489],"acf":[],"_links":{"self":[{"href":"https:\/\/smania.store\/rs\/wp-json\/wp\/v2\/product\/22416"}],"collection":[{"href":"https:\/\/smania.store\/rs\/wp-json\/wp\/v2\/product"}],"about":[{"href":"https:\/\/smania.store\/rs\/wp-json\/wp\/v2\/types\/product"}],"wp:featuredmedia":[{"embeddable":true,"href":"https:\/\/smania.store\/rs\/wp-json\/wp\/v2\/media\/22412"}],"wp:attachment":[{"href":"https:\/\/smania.store\/rs\/wp-json\/wp\/v2\/media?parent=22416"}],"wp:term":[{"taxonomy":"product_cat","embeddable":true,"href":"https:\/\/smania.store\/rs\/wp-json\/wp\/v2\/product_cat?post=22416"},{"taxonomy":"product_tag","embeddable":true,"href":"https:\/\/smania.store\/rs\/wp-json\/wp\/v2\/product_tag?post=22416"}],"curies":[{"name":"wp","href":"https:\/\/api.w.org\/{rel}","templated":true}]}}