{"id":22379,"date":"2021-12-21T06:53:26","date_gmt":"2021-12-21T05:53:26","guid":{"rendered":"https:\/\/smania.store\/rs\/proizvod\/balaklava-zimska-kapa-igloo\/"},"modified":"2026-01-12T17:06:27","modified_gmt":"2026-01-12T16:06:27","slug":"balaklava-zimska-kapa-igloo","status":"publish","type":"product","link":"https:\/\/smania.store\/rs\/proizvod\/balaklava-zimska-kapa-igloo\/","title":{"rendered":"Balaklava zimska kapa Igloo"},"content":{"rendered":"<div class=\"smania_landing_description_title\">NOVO! Balaklava zimska kapa Igloo<\/div>\n<div class=\"smania_landing_description_txt\">Opustite se i sa\u010duvajte toplotu zimi!<\/div>\n<div class=\"smania_landing_description_subtitle\">Poru\u010dite ovu neverovatno udobnu i prijatnu balaklava zimsku kapu i u\u017eivajte u hladnim zimskim danima umotani u mekanu i prozra\u010dnu tkaninu. Izaberite svoju boju i budite moderni i elegantni u zimskim mesecima.<\/div>\n<div class=\"smania_landing_description_list\">\n<ul>\n<li>Izuzetno topla i udobna<\/li>\n<li>Neiritiraju\u0107a, ne\u017ena i prozra\u010dna<\/li>\n<li>Za\u0161tita za glavu, u\u0161i, vrat i lice<\/li>\n<li>Savr\u0161ena i za mu\u0161karce i \u017eene<\/li>\n<li>Dostupna u 4 boje<\/li>\n<\/ul><\/div>\n","protected":false},"excerpt":{"rendered":"<p>Obezbe\u0111uje toplotu i udobnost|Univerzalna i ne\u017ena|Moderan i savremen dizajn|Pogodna za sve veli\u010dine glave|Neiritiraju\u0107a tkanina|Uniseks|Vi\u0161e boja na izbor|Materijal: pamuk<\/p>\n","protected":false},"featured_media":24893,"template":"","meta":[],"product_cat":[1563,1956,1770,1561,1560,21],"product_tag":[1496,1781,1583,1582,1502],"acf":[],"_links":{"self":[{"href":"https:\/\/smania.store\/rs\/wp-json\/wp\/v2\/product\/22379"}],"collection":[{"href":"https:\/\/smania.store\/rs\/wp-json\/wp\/v2\/product"}],"about":[{"href":"https:\/\/smania.store\/rs\/wp-json\/wp\/v2\/types\/product"}],"wp:featuredmedia":[{"embeddable":true,"href":"https:\/\/smania.store\/rs\/wp-json\/wp\/v2\/media\/24893"}],"wp:attachment":[{"href":"https:\/\/smania.store\/rs\/wp-json\/wp\/v2\/media?parent=22379"}],"wp:term":[{"taxonomy":"product_cat","embeddable":true,"href":"https:\/\/smania.store\/rs\/wp-json\/wp\/v2\/product_cat?post=22379"},{"taxonomy":"product_tag","embeddable":true,"href":"https:\/\/smania.store\/rs\/wp-json\/wp\/v2\/product_tag?post=22379"}],"curies":[{"name":"wp","href":"https:\/\/api.w.org\/{rel}","templated":true}]}}