{"id":22281,"date":"2021-12-20T14:01:16","date_gmt":"2021-12-20T13:01:16","guid":{"rendered":"https:\/\/smania.store\/rs\/proizvod\/muska-narukvica-vuka-hatiskoll\/"},"modified":"2026-01-16T18:42:37","modified_gmt":"2026-01-16T17:42:37","slug":"muska-narukvica-vuka-hatiskoll","status":"publish","type":"product","link":"https:\/\/smania.store\/rs\/proizvod\/muska-narukvica-vuka-hatiskoll\/","title":{"rendered":"Mu\u0161ka narukvica HatiSkoll"},"content":{"rendered":"<div class=\"smania_landing_description_title\">Misti\u010dna Mu\u0161ka narukvica HatiSkoll<\/div>\n<div class=\"smania_landing_description_txt\">Probudite va\u0161 vikin\u0161ki duh i dajte sebi mo\u0107 i mudrost!<\/div>\n<div class=\"smania_landing_description_subtitle\">Kraj uvek ozna\u010dava po\u010detak ne\u010deg novog, upravo kao HatiSkoll narukvica sa dve vu\u010dje glave koje predstavljaju ponovno ra\u0111anje, hrabrost i snagu da se izdignete iznad svih \u017eivotnih te\u0161ko\u0107a!<\/div>\n<div class=\"smania_landing_description_list\">\n<ul>\n<li>Osna\u017euju\u0107i duh Vikinga<\/li>\n<li>Predstavlja hrabrost i \u0161amanisti\u010dku snagu<\/li>\n<li>Dve vu\u010dje glave na lancu od ner\u0111aju\u0107eg \u010delika<\/li>\n<li>Visokootporna na r\u0111u i koroziju<\/li>\n<li>Dizajn kop\u010de sa pametnom bravom<\/li>\n<\/ul><\/div>\n","protected":false},"excerpt":{"rendered":"<p>Najfinija izrada|Dizajn sa dve vu\u010dje glave|Otporna na koroziju|Jednostavna za upotrebu|Savr\u0161en dodatak|Kutija za odlaganje je uklju\u010dena|Te\u017eina: 65\u201380 g|Materijal: Ner\u0111aju\u0107i \u010delik<\/p>\n","protected":false},"featured_media":25488,"template":"","meta":[],"product_cat":[1964,22,1611,1561],"product_tag":[1496,1495],"acf":[],"_links":{"self":[{"href":"https:\/\/smania.store\/rs\/wp-json\/wp\/v2\/product\/22281"}],"collection":[{"href":"https:\/\/smania.store\/rs\/wp-json\/wp\/v2\/product"}],"about":[{"href":"https:\/\/smania.store\/rs\/wp-json\/wp\/v2\/types\/product"}],"wp:featuredmedia":[{"embeddable":true,"href":"https:\/\/smania.store\/rs\/wp-json\/wp\/v2\/media\/25488"}],"wp:attachment":[{"href":"https:\/\/smania.store\/rs\/wp-json\/wp\/v2\/media?parent=22281"}],"wp:term":[{"taxonomy":"product_cat","embeddable":true,"href":"https:\/\/smania.store\/rs\/wp-json\/wp\/v2\/product_cat?post=22281"},{"taxonomy":"product_tag","embeddable":true,"href":"https:\/\/smania.store\/rs\/wp-json\/wp\/v2\/product_tag?post=22281"}],"curies":[{"name":"wp","href":"https:\/\/api.w.org\/{rel}","templated":true}]}}