{"id":22273,"date":"2021-12-20T13:58:55","date_gmt":"2021-12-20T12:58:55","guid":{"rendered":"https:\/\/smania.store\/rs\/proizvod\/acticarbon-kocka-za-preciscavanje-vode\/"},"modified":"2024-03-05T13:54:40","modified_gmt":"2024-03-05T12:54:40","slug":"acticarbon-kocka-za-preciscavanje-vode","status":"publish","type":"product","link":"https:\/\/smania.store\/rs\/proizvod\/acticarbon-kocka-za-preciscavanje-vode\/","title":{"rendered":"ActiCarbon kocka za pre\u010di\u0161\u0107avanje vode"},"content":{"rendered":"<div class=\"smania_landing_description_title\">Novo! \ud83d\udc1f ActiCarbon kocka za pre\u010di\u0161\u0107avanje vode<\/div>\n<div class=\"smania_landing_description_txt\">\u010cist akvarijum \u2013 zdrave i sretne ribice!<\/div>\n<div class=\"smania_landing_description_subtitle\">Shvatili smo kakava je muka povremeno \u010di\u0161\u0107enje akvarijuma. Zato smo stvorili ActiCarbon kocku za pre\u010di\u0161\u0107avanje vode! To je najlak\u0161i, najefikasniji na\u010din da odr\u017eavate va\u0161 akvarijum kristalno \u010distim du\u017ee vremena.<\/div>\n<div class=\"smania_landing_description_list\">\n<ul>\n<li>Ekolo\u0161ka kocka napravljena od aktivnog uglja<\/li>\n<li>Odr\u017eavajte va\u0161e ribice zdravima i vodu \u010distom<\/li>\n<li>Filtrira ne\u010disto\u0107u, lo\u0161 miris, bakterije, i zamagljenost<\/li>\n<li>Inovativni dizajn sa\u0107a koristi aktivni ugalj da o\u010disti vodu od ne\u010disto\u0107a kao \u0161to su tanini i fenoli<\/li>\n<li>Odr\u017eava savr\u0161en pH nivo vode<\/li>\n<\/ul>\n<\/div>\n","protected":false},"excerpt":{"rendered":"<p>Dokazano odr\u017eava akvarijum \u010distim du\u017ee vremena|100% siguran i za vi\u0161ekratnu upotrebu|Kad se napuni ne\u010disto\u0107om, operite ga blagim sapunom i vodom|Preporu\u010dujemo postavljanje blizu dovoda za vodu u pumpu akvarijuma|Dimenzije: 10 \u00d7 10 \u00d7 10 cm|Za bolje rezultate, perite ili menjajte kocku svaka 3 do 6 meseci|Materijal: aktivni ugalj|Neka se va\u0161e ribice opet raduju<\/p>\n","protected":false},"featured_media":22267,"template":"","meta":[],"product_cat":[20],"product_tag":[],"acf":[],"_links":{"self":[{"href":"https:\/\/smania.store\/rs\/wp-json\/wp\/v2\/product\/22273"}],"collection":[{"href":"https:\/\/smania.store\/rs\/wp-json\/wp\/v2\/product"}],"about":[{"href":"https:\/\/smania.store\/rs\/wp-json\/wp\/v2\/types\/product"}],"wp:featuredmedia":[{"embeddable":true,"href":"https:\/\/smania.store\/rs\/wp-json\/wp\/v2\/media\/22267"}],"wp:attachment":[{"href":"https:\/\/smania.store\/rs\/wp-json\/wp\/v2\/media?parent=22273"}],"wp:term":[{"taxonomy":"product_cat","embeddable":true,"href":"https:\/\/smania.store\/rs\/wp-json\/wp\/v2\/product_cat?post=22273"},{"taxonomy":"product_tag","embeddable":true,"href":"https:\/\/smania.store\/rs\/wp-json\/wp\/v2\/product_tag?post=22273"}],"curies":[{"name":"wp","href":"https:\/\/api.w.org\/{rel}","templated":true}]}}