{"id":22262,"date":"2021-12-20T13:57:29","date_gmt":"2021-12-20T12:57:29","guid":{"rendered":"https:\/\/smania.store\/rs\/proizvod\/multifry-tiganj\/"},"modified":"2026-03-12T09:00:30","modified_gmt":"2026-03-12T08:00:30","slug":"multifry-tiganj","status":"publish","type":"product","link":"https:\/\/smania.store\/rs\/proizvod\/multifry-tiganj\/","title":{"rendered":"MultiFry tiganj"},"content":{"rendered":"<div class=\"smania_landing_description_title\">Njam! MultiFry tiganj<\/div>\n<div class=\"smania_landing_description_txt\">Ispr\u017eite jaja svr\u0161enog oblika!<\/div>\n<div class=\"smania_landing_description_subtitle\">Samo jednim MultiFry tiganjem mo\u017eete da zadovoljite sve razli\u010dite ukuse va\u0161ih uku\u0107ana. Ispecite slatke male pala\u010dinke za va\u0161u decu i jednako oblikovani omlet za vas. Pogodan za indukcijske plo\u010de.<\/div>\n<div class=\"smania_landing_description_list\">\n<ul>\n<li>Omogu\u0107ava kreativnost u izradi ukusnih jednako oblikovanih obroka<\/li>\n<li>Napravite omlete, sendvi\u010de, pr\u017eena jaja, pala\u010dinke \u2013 i skoro sve \u0161to za\u017eelite<\/li>\n<li>Pripremite vegetarijanska i jela od mesa u istom tiganju da se ne dodiruju<\/li>\n<li>Efikasna i ravnomerna distribucija toplote za savr\u0161enu pripremu hrane<\/li>\n<li>Nelepljiva obloga savr\u0161ena za pr\u017eenje hrane<\/li>\n<\/ul><\/div>\n","protected":false},"excerpt":{"rendered":"<p>Napravite obrok sa nasmejanim licem za decu|Efikasna i ravnomerna distribucija toplote|Savr\u0161eni, obroci iste veli\u010dine|Jednostavan za \u010di\u0161\u0107enje zahvaljuju\u0107i nelepljivoj oblozi|4 razli\u010dite vrste pala\u010dinki istovremeno|Materijal: gvo\u017e\u0111e|Dostupan sa 4 ili 7 odeljaka|Lako se pere sun\u0111erom<\/p>\n","protected":false},"featured_media":23768,"template":"","meta":[],"product_cat":[223],"product_tag":[1523],"acf":[],"_links":{"self":[{"href":"https:\/\/smania.store\/rs\/wp-json\/wp\/v2\/product\/22262"}],"collection":[{"href":"https:\/\/smania.store\/rs\/wp-json\/wp\/v2\/product"}],"about":[{"href":"https:\/\/smania.store\/rs\/wp-json\/wp\/v2\/types\/product"}],"wp:featuredmedia":[{"embeddable":true,"href":"https:\/\/smania.store\/rs\/wp-json\/wp\/v2\/media\/23768"}],"wp:attachment":[{"href":"https:\/\/smania.store\/rs\/wp-json\/wp\/v2\/media?parent=22262"}],"wp:term":[{"taxonomy":"product_cat","embeddable":true,"href":"https:\/\/smania.store\/rs\/wp-json\/wp\/v2\/product_cat?post=22262"},{"taxonomy":"product_tag","embeddable":true,"href":"https:\/\/smania.store\/rs\/wp-json\/wp\/v2\/product_tag?post=22262"}],"curies":[{"name":"wp","href":"https:\/\/api.w.org\/{rel}","templated":true}]}}