{"id":22213,"date":"2021-12-20T13:39:43","date_gmt":"2021-12-20T12:39:43","guid":{"rendered":"https:\/\/smania.store\/rs\/proizvod\/kapa-baterijska-lampa-lummielight\/"},"modified":"2026-01-19T07:47:23","modified_gmt":"2026-01-19T06:47:23","slug":"kapa-baterijska-lampa-lummielight","status":"publish","type":"product","link":"https:\/\/smania.store\/rs\/proizvod\/kapa-baterijska-lampa-lummielight\/","title":{"rendered":"Kapa sa lampom LummieLight"},"content":{"rendered":"<div class=\"smania_landing_description_title\">NOVO! Kapa sa lampom LummieLight<\/div>\n<div class=\"smania_landing_description_txt\">Sjajna kapa, kombinacija prakti\u010dnosti i udobnosti!<\/div>\n<div class=\"smania_landing_description_subtitle\">Na\u0161a najnovija zimska kapa unosi svetlost u va\u0161e najmra\u010dnije, i najhladnije avanture! Bilo da planinarite po sne\u017enim stazama, \u0161etate psa u ledenim ve\u010derima, ili vam samo treba vi\u0161e svetlosti tokom d\u017eoginga u rana jutra, LummieLight je va\u0161 omiljeni dodatak za zimu.<\/div>\n<div class=\"smania_landing_description_list\">\n<ul>\n<li>Ugra\u0111eno, odvojivo LED svetlo<\/li>\n<li>Neverovatno topla i udobna<\/li>\n<li>Sjajna za sve vrste sportova i svakodnevno no\u0161enje<\/li>\n<li>USB punjenje <\/li>\n<li>Odli\u010dan izbor boja<\/li>\n<\/ul><\/div>\n","protected":false},"excerpt":{"rendered":"<p>Raznolik dizajn|Izuzetno mekan materijal|Udobna i odgovara za sve veli\u010dine glave|Odli\u010dna ideja za poklon za sve avanturiste|Mo\u017ee se prati u ma\u0161ini \u2013 jednostavno uklonite LED led lampu pre pranja|Vreme punjenja: 2 h|USB punjenje |Materijal tkanine: akril<\/p>\n","protected":false},"featured_media":31009,"template":"","meta":[],"product_cat":[1956,1561,1560,21,1615],"product_tag":[1496,1583,1481,1582,1502],"acf":[],"_links":{"self":[{"href":"https:\/\/smania.store\/rs\/wp-json\/wp\/v2\/product\/22213"}],"collection":[{"href":"https:\/\/smania.store\/rs\/wp-json\/wp\/v2\/product"}],"about":[{"href":"https:\/\/smania.store\/rs\/wp-json\/wp\/v2\/types\/product"}],"wp:featuredmedia":[{"embeddable":true,"href":"https:\/\/smania.store\/rs\/wp-json\/wp\/v2\/media\/31009"}],"wp:attachment":[{"href":"https:\/\/smania.store\/rs\/wp-json\/wp\/v2\/media?parent=22213"}],"wp:term":[{"taxonomy":"product_cat","embeddable":true,"href":"https:\/\/smania.store\/rs\/wp-json\/wp\/v2\/product_cat?post=22213"},{"taxonomy":"product_tag","embeddable":true,"href":"https:\/\/smania.store\/rs\/wp-json\/wp\/v2\/product_tag?post=22213"}],"curies":[{"name":"wp","href":"https:\/\/api.w.org\/{rel}","templated":true}]}}