{"id":21781,"date":"2021-10-21T10:23:59","date_gmt":"2021-10-21T08:23:59","guid":{"rendered":"https:\/\/smania.store\/rs\/proizvod\/pojacivac-zvuka-auspuha\/"},"modified":"2023-08-19T19:37:16","modified_gmt":"2023-08-19T17:37:16","slug":"pojacivac-zvuka-auspuha","status":"publish","type":"product","link":"https:\/\/smania.store\/rs\/proizvod\/pojacivac-zvuka-auspuha\/","title":{"rendered":"Poja\u010diva\u010d zvuka auspuha"},"content":{"rendered":"<div class=\"smania_landing_description_title\">Uklju\u010dite motor i napravite buku!<\/div>\n<div class=\"smania_landing_description_txt\">Odgovara ve\u0107ini cevi auspuha<\/div>\n<div class=\"smania_landing_description_subtitle\">Odgovara za 90 % cevi auspuha, pru\u017eaju\u0107i mladala\u010dku zabavu gde god da vozite!<\/div>\n","protected":false},"excerpt":{"rendered":"<p>Odgovara ve\u0107ini cevi auspuha|Izra\u0111en od izuzetno otpornih materijala |Izvrstan za pode\u0161avanje auta|Visoko kvalitetan zvuk motora!|Jednostavna instalacija|Preporu\u010duje se za automobile i motore|Isporu\u010duje se uz alat za instalaciju|Materijal: laki aluminijum<\/p>\n","protected":false},"featured_media":21833,"template":"","meta":[],"product_cat":[18,1561],"product_tag":[1540,1479,1480],"acf":[],"_links":{"self":[{"href":"https:\/\/smania.store\/rs\/wp-json\/wp\/v2\/product\/21781"}],"collection":[{"href":"https:\/\/smania.store\/rs\/wp-json\/wp\/v2\/product"}],"about":[{"href":"https:\/\/smania.store\/rs\/wp-json\/wp\/v2\/types\/product"}],"wp:featuredmedia":[{"embeddable":true,"href":"https:\/\/smania.store\/rs\/wp-json\/wp\/v2\/media\/21833"}],"wp:attachment":[{"href":"https:\/\/smania.store\/rs\/wp-json\/wp\/v2\/media?parent=21781"}],"wp:term":[{"taxonomy":"product_cat","embeddable":true,"href":"https:\/\/smania.store\/rs\/wp-json\/wp\/v2\/product_cat?post=21781"},{"taxonomy":"product_tag","embeddable":true,"href":"https:\/\/smania.store\/rs\/wp-json\/wp\/v2\/product_tag?post=21781"}],"curies":[{"name":"wp","href":"https:\/\/api.w.org\/{rel}","templated":true}]}}