{"id":21713,"date":"2021-10-21T10:07:09","date_gmt":"2021-10-21T08:07:09","guid":{"rendered":"https:\/\/smania.store\/rs\/proizvod\/pathmaker-kalup-za-betonske-staze\/"},"modified":"2024-10-09T12:57:26","modified_gmt":"2024-10-09T10:57:26","slug":"pathmaker-kalup-za-betonske-staze","status":"publish","type":"product","link":"https:\/\/smania.store\/rs\/proizvod\/pathmaker-kalup-za-betonske-staze\/","title":{"rendered":"PathMaker kalup za betonske staze"},"content":{"rendered":"<div class=\"smania_landing_description_title\">Savr\u0161en alat! PathMaker kalup za betonske staze<\/div>\n<div class=\"smania_landing_description_txt\">Kreiraj svoju bajkovitu stazu u 3 lagana koraka!<\/div>\n<div class=\"smania_landing_description_subtitle\">Izmiksiraj, napuni i podigni \u2013 ovaj korisni alat ti omogu\u0107ava da kreira\u0161 predivne staze oko tvog doma, ili \u010dak da poplo\u010da\u0161 ceo prostor ispred i iza ku\u0107e. Zaboravi na skupi tradicionalni kameni plo\u010dnik, sve \u0161to ti je potrebno je malo betona i spreman si da krene\u0161! <\/div>\n<div class=\"smania_landing_description_list\">\n<ul>\n<li>Beton je izdr\u017eljiv i jeftin<\/li>\n<li>Mo\u017ee\u0161 ga sam napraviti, ne treba ti posebna oprema<\/li>\n<li>Kreira\u0161 originalnu stazu dodavanjem pigmenata<\/li>\n<li>Alat je namenjen za ponovnu upotrebu<\/li>\n<li>Lagani put do bajkovitog dvori\u0161ta<\/li>\n<\/ul><\/div>\n","protected":false},"excerpt":{"rendered":"<p>Jednostavan i jeftin na\u010din poplo\u010davanja|Savr\u0161en projekat Uradi sam|Kreira\u0161 dvori\u0161te iz svojih snova|Gradi\u0161 bajkovitu stazu za svoj dom|Savr\u0161en alat za svakog majstora|Za vi\u0161ekratnu upotrebu,napravljen od visokokvalitetne plastike|Kreira\u0161 staze, auto-prilaze, piknik podru\u010dja i drugo|Zabavan projekat za celu porodicu<\/p>\n","protected":false},"featured_media":23604,"template":"","meta":[],"product_cat":[16,1957,1934],"product_tag":[1478,1485,1480],"acf":[],"_links":{"self":[{"href":"https:\/\/smania.store\/rs\/wp-json\/wp\/v2\/product\/21713"}],"collection":[{"href":"https:\/\/smania.store\/rs\/wp-json\/wp\/v2\/product"}],"about":[{"href":"https:\/\/smania.store\/rs\/wp-json\/wp\/v2\/types\/product"}],"wp:featuredmedia":[{"embeddable":true,"href":"https:\/\/smania.store\/rs\/wp-json\/wp\/v2\/media\/23604"}],"wp:attachment":[{"href":"https:\/\/smania.store\/rs\/wp-json\/wp\/v2\/media?parent=21713"}],"wp:term":[{"taxonomy":"product_cat","embeddable":true,"href":"https:\/\/smania.store\/rs\/wp-json\/wp\/v2\/product_cat?post=21713"},{"taxonomy":"product_tag","embeddable":true,"href":"https:\/\/smania.store\/rs\/wp-json\/wp\/v2\/product_tag?post=21713"}],"curies":[{"name":"wp","href":"https:\/\/api.w.org\/{rel}","templated":true}]}}