{"id":21623,"date":"2021-10-21T09:51:55","date_gmt":"2021-10-21T07:51:55","guid":{"rendered":"https:\/\/smania.store\/rs\/proizvod\/tiganj-sa-4-otvora-fourfry\/"},"modified":"2026-04-02T01:43:31","modified_gmt":"2026-04-01T23:43:31","slug":"tiganj-sa-4-otvora-fourfry","status":"publish","type":"product","link":"https:\/\/smania.store\/rs\/proizvod\/tiganj-sa-4-otvora-fourfry\/","title":{"rendered":"Tiganj sa 4 odeljka FourFry"},"content":{"rendered":"<div class=\"smania_landing_description_title\">Ukusno! Tiganj sa 4 odeljka FourFry<\/div>\n<div class=\"smania_landing_description_txt\">Od sada svaki \u010dlan porodice dobija \u0161ta \u017eeli!<\/div>\n<div class=\"smania_landing_description_subtitle\">Sa FourFry zadovoljavate \u010detiri razli\u010dita ukusa samo jednim tiganjem. Napravite divne pala\u010dinke za decu ili savr\u0161eno oblikovana pr\u017eena jaja za sebe. Mo\u017eete \u010dak da pripremite vegetarijanska jela i jela sa mesom u istom tiganju a da se ne doti\u010du.<\/div>\n<div class=\"smania_landing_description_list\">\n<ul>\n<li>Da napravite omelete, jaja, sendvi\u010de, i drugo<\/li>\n<li>Nelepljiva obloga<\/li>\n<li>Efikasno sa ravnomerno raspore\u0111enom toplotom<\/li>\n<li>Indikator temperature na dr\u0161ci<\/li>\n<li>Pogodan za kerami\u010dke, indukcione i \u0161porete na gas<\/li>\n<li>Pogodan za kerami\u010dke, indukcione i \u0161porete na gas<\/li>\n<li>Pogodan za kerami\u010dke, indukcione i \u0161porete na gas<\/li>\n<\/ul>\n<\/div>\n","protected":false},"excerpt":{"rendered":"<p>Efikasna i ravnomerna distribucija toplote|Pripremite interesantna jela za decu|Savr\u0161ene posude jednake veli\u010dine|Lako se pere zahvaljuju\u0107i neprijanjaju\u0107oj oblozi|4 razli\u010dite pala\u010dinke istovremeno|Materijal: aluminijum, drvo|Ukupna du\u017eina: 39 cm|Veli\u010dina svakog odeljka: 8 \u00d7 2 cm<\/p>\n","protected":false},"featured_media":23804,"template":"","meta":[],"product_cat":[223],"product_tag":[1478,1523,1480],"acf":[],"_links":{"self":[{"href":"https:\/\/smania.store\/rs\/wp-json\/wp\/v2\/product\/21623"}],"collection":[{"href":"https:\/\/smania.store\/rs\/wp-json\/wp\/v2\/product"}],"about":[{"href":"https:\/\/smania.store\/rs\/wp-json\/wp\/v2\/types\/product"}],"wp:featuredmedia":[{"embeddable":true,"href":"https:\/\/smania.store\/rs\/wp-json\/wp\/v2\/media\/23804"}],"wp:attachment":[{"href":"https:\/\/smania.store\/rs\/wp-json\/wp\/v2\/media?parent=21623"}],"wp:term":[{"taxonomy":"product_cat","embeddable":true,"href":"https:\/\/smania.store\/rs\/wp-json\/wp\/v2\/product_cat?post=21623"},{"taxonomy":"product_tag","embeddable":true,"href":"https:\/\/smania.store\/rs\/wp-json\/wp\/v2\/product_tag?post=21623"}],"curies":[{"name":"wp","href":"https:\/\/api.w.org\/{rel}","templated":true}]}}