{"id":21500,"date":"2021-10-21T09:32:54","date_gmt":"2021-10-21T07:32:54","guid":{"rendered":"https:\/\/smania.store\/rs\/proizvod\/muska-viking-ogrlica-ostmen\/"},"modified":"2025-01-21T11:10:51","modified_gmt":"2025-01-21T10:10:51","slug":"muska-viking-ogrlica-ostmen","status":"publish","type":"product","link":"https:\/\/smania.store\/rs\/proizvod\/muska-viking-ogrlica-ostmen\/","title":{"rendered":"Mu\u0161ka Viking ogrlica Ostmen"},"content":{"rendered":"<div class=\"smania_landing_description_title\">NOVO! Mu\u0161ka Viking ogrlica Ostmen<\/div>\n<div class=\"smania_landing_description_txt\">Osna\u017ei se Vikin\u0161kim duhom!<\/div>\n<div class=\"smania_landing_description_subtitle\">Tor, bog gromova u Nordijskoj mitologiji je nosio ovaj lanac kroz svoje avanture! Jedinstven komad nakita dizajniran sa Mjolnir priveskom, osiguran privla\u010dnim, drevnim vizantijskim lancem sa dve vu\u010dje glave!<\/div>\n<div class=\"smania_landing_description_list\">\n<ul>\n<li>Pun i \u010dvrst dizajn odaje utisak mo\u0107i<\/li>\n<li>Fantasti\u010dan izdr\u017eljiv nakit koji nikad ne r\u0111a<\/li>\n<li>Svaki detalj je ve\u0161to izra\u0111en od visokokvalitetnog ner\u0111aju\u0107eg \u010delika <\/li>\n<li>Ima sigurnosnu kop\u010du za bezbedno no\u0161enje<\/li>\n<li>Nosi je sa le\u017eernim ko\u0161uljama da podigne\u0161 svoj pank i \u017eestoki izgled<\/li>\n<\/ul><\/div>\n","protected":false},"excerpt":{"rendered":"<p>Mo\u0107an, ipak delikatan dizajn|Dugotrajna otporna na koroziju|Izuzetno isklesana i ugla\u010dana|Inovativan dizajn|Otporna i otmena|Ne izaziva alergiju|Materijal: Ner\u0111aju\u0107i \u010delik|Du\u017eina: 60 cm<\/p>\n","protected":false},"featured_media":24859,"template":"","meta":[],"product_cat":[1964,1563,22,1611,1561],"product_tag":[1496,1495],"acf":[],"_links":{"self":[{"href":"https:\/\/smania.store\/rs\/wp-json\/wp\/v2\/product\/21500"}],"collection":[{"href":"https:\/\/smania.store\/rs\/wp-json\/wp\/v2\/product"}],"about":[{"href":"https:\/\/smania.store\/rs\/wp-json\/wp\/v2\/types\/product"}],"wp:featuredmedia":[{"embeddable":true,"href":"https:\/\/smania.store\/rs\/wp-json\/wp\/v2\/media\/24859"}],"wp:attachment":[{"href":"https:\/\/smania.store\/rs\/wp-json\/wp\/v2\/media?parent=21500"}],"wp:term":[{"taxonomy":"product_cat","embeddable":true,"href":"https:\/\/smania.store\/rs\/wp-json\/wp\/v2\/product_cat?post=21500"},{"taxonomy":"product_tag","embeddable":true,"href":"https:\/\/smania.store\/rs\/wp-json\/wp\/v2\/product_tag?post=21500"}],"curies":[{"name":"wp","href":"https:\/\/api.w.org\/{rel}","templated":true}]}}