{"id":96478,"date":"2026-05-06T13:39:51","date_gmt":"2026-05-06T11:39:51","guid":{"rendered":"https:\/\/smania.store\/ro\/produs\/easyborder-bordura-din-plastic-pentru-gazon-cu-cuie-10m\/"},"modified":"2026-05-08T07:17:44","modified_gmt":"2026-05-08T05:17:44","slug":"easyborder-bordura-din-plastic-pentru-gazon-cu-cuie-10m","status":"publish","type":"product","link":"https:\/\/smania.store\/ro\/produs\/easyborder-bordura-din-plastic-pentru-gazon-cu-cuie-10m\/","title":{"rendered":"EasyBorder\u2122 bordur\u0103 din plastic pentru gazon cu cuie &#8211; 10m"},"content":{"rendered":"<div class=\"smania_landing_description_title\">NOU: Contureaz\u0103-\u021bi peisajul cu u\u0219urin\u021b\u0103<\/div>\n<div class=\"smania_landing_description_txt\">Grani\u021be perfecte pentru o gr\u0103din\u0103 ordonat\u0103<\/div>\n<div class=\"smania_landing_description_subtitle\">EasyBorder\u2122 face crearea unor margini de gr\u0103din\u0103 curate \u0219i bine definite f\u0103r\u0103 efort\u2014f\u0103r\u0103 s\u0103p\u0103tur\u0103, f\u0103r\u0103 mizerie, f\u0103r\u0103 unelte necesare. Conceput pentru peisagistic\u0103 creativ\u0103, acest bord flexibil se \u00eendoaie cu u\u0219urin\u021b\u0103 pentru a urma linii drepte sau curbe line, oferind gr\u0103dinii tale un aspect finisat \u0219i profesional \u00een c\u00e2teva minute.<\/div>\n<div class=\"smania_landing_description_list\">\n<ul>\n<li>Materialul PE durabil asigur\u0103 longevitate <\/li>\n<li>Design flexibil pentru aranjamente personalizate <\/li>\n<li>Instalare simpl\u0103\u2014f\u0103r\u0103 s\u0103p\u0103turi necesare <\/li>\n<li>Include 30 de cuie pentru stabilitate <\/li>\n<li>Disponibil \u00een lungime de 10m, \u00een\u0103l\u021bime de 5cm <\/li>\n<li>Rezistent la intemperii \u0219i durabil<\/li>\n<\/ul><\/div>\n","protected":false},"excerpt":{"rendered":"<p>Previne cu u\u0219urin\u021b\u0103 r\u0103sp\u00e2ndirea ierbii |Se \u00eendoaie flexibil pentru a se potrivi oric\u0103rei forme |Se fixeaz\u0103 cu cuiele incluse |U\u0219or de t\u0103iat pentru o potrivire perfect\u0103|Culoare: Negru |Dimensiuni: 10m lungime, 5cm \u00een\u0103l\u021bime |Material: Polietilen\u0103 de \u00cenalt\u0103 Densitate (HDPE) |Pachetul include: 1x bordur\u0103 de plastic pentru gazon de 10m lungime, 30x cuie<\/p>\n","protected":false},"featured_media":96465,"template":"","meta":[],"product_cat":[16],"product_tag":[1241],"acf":[],"_links":{"self":[{"href":"https:\/\/smania.store\/ro\/wp-json\/wp\/v2\/product\/96478"}],"collection":[{"href":"https:\/\/smania.store\/ro\/wp-json\/wp\/v2\/product"}],"about":[{"href":"https:\/\/smania.store\/ro\/wp-json\/wp\/v2\/types\/product"}],"wp:featuredmedia":[{"embeddable":true,"href":"https:\/\/smania.store\/ro\/wp-json\/wp\/v2\/media\/96465"}],"wp:attachment":[{"href":"https:\/\/smania.store\/ro\/wp-json\/wp\/v2\/media?parent=96478"}],"wp:term":[{"taxonomy":"product_cat","embeddable":true,"href":"https:\/\/smania.store\/ro\/wp-json\/wp\/v2\/product_cat?post=96478"},{"taxonomy":"product_tag","embeddable":true,"href":"https:\/\/smania.store\/ro\/wp-json\/wp\/v2\/product_tag?post=96478"}],"curies":[{"name":"wp","href":"https:\/\/api.w.org\/{rel}","templated":true}]}}