{"id":96460,"date":"2026-05-06T13:37:06","date_gmt":"2026-05-06T11:37:06","guid":{"rendered":"https:\/\/smania.store\/ro\/produs\/vespeon-trotineta-electrica-pentru-copii\/"},"modified":"2026-05-06T13:37:11","modified_gmt":"2026-05-06T11:37:11","slug":"vespeon-trotineta-electrica-pentru-copii","status":"publish","type":"product","link":"https:\/\/smania.store\/ro\/produs\/vespeon-trotineta-electrica-pentru-copii\/","title":{"rendered":"Vespeon\u2122 trotineta electric\u0103 pentru copii"},"content":{"rendered":"<div class=\"smania_landing_description_title\"> NOU, Iluminare de atmosfer\u0103 RGB uimitoare <\/div>\n<div class=\"smania_landing_description_txt\"> Plimb\u0103ri line, copii ferici\u021bi, joac\u0103 \u00een siguran\u021b\u0103 <\/div>\n<div class=\"smania_landing_description_subtitle\"> Vespeon\u2122 este un scuter electric elegant pentru copii, conceput pentru micii exploratori care doresc o experien\u021b\u0103 de mers distractiv\u0103, sigur\u0103 \u0219i u\u0219oar\u0103. Cu telecomand\u0103, spa\u021biu de depozitare, lumini, muzic\u0103 \u0219i func\u021bie de mers \u00eenainte \u0219i \u00eenapoi, ofer\u0103 ore \u00eentregi de joac\u0103 plin\u0103 de bucurie at\u00e2t \u00een interior, c\u00e2t \u0219i \u00een exterior. <\/div>\n<div class=\"smania_landing_description_list\">\n<ul>\n<li>Control de la distan\u021b\u0103 pentru control parental <\/li>\n<li>Spa\u021biu de depozitare pentru juc\u0103rii sau gust\u0103ri <\/li>\n<li>Ro\u021bi de suport stabile pentru siguran\u021b\u0103 <\/li>\n<li>Lumini, muzic\u0103 \u0219i claxon pentru distrac\u021bie <\/li>\n<li>Plimbare \u00eenainte \u0219i \u00eenapoi pentru dezvoltarea abilit\u0103\u021bilor<\/li>\n<\/ul><\/div>\n","protected":false},"excerpt":{"rendered":"<p>Telecomand\u0103 inclus\u0103 |Compartiment de depozitare posterior |Ro\u021bi de suport pentru stabilitate |Lumini \u0219i muzic\u0103 |Scaun ergonomic din plastic confortabil |Ro\u021bi din plastic durabile pentru suprafe\u021be interioare sau exterioare|Varianta: Alb sau Verde |Baterie: 1 x 6V 4Ah |Timp de \u00eenc\u0103rcare: 6\u20139 ore |Timp de utilizare: p\u00e2n\u0103 la 2 ore per \u00eenc\u0103rcare |\u00cenc\u0103rcare maxim\u0103: aproximativ 25 kg |V\u00e2rst\u0103 recomandat\u0103: 18 luni \u0219i peste<\/p>\n","protected":false},"featured_media":96441,"template":"","meta":[],"product_cat":[17],"product_tag":[1268],"acf":[],"_links":{"self":[{"href":"https:\/\/smania.store\/ro\/wp-json\/wp\/v2\/product\/96460"}],"collection":[{"href":"https:\/\/smania.store\/ro\/wp-json\/wp\/v2\/product"}],"about":[{"href":"https:\/\/smania.store\/ro\/wp-json\/wp\/v2\/types\/product"}],"wp:featuredmedia":[{"embeddable":true,"href":"https:\/\/smania.store\/ro\/wp-json\/wp\/v2\/media\/96441"}],"wp:attachment":[{"href":"https:\/\/smania.store\/ro\/wp-json\/wp\/v2\/media?parent=96460"}],"wp:term":[{"taxonomy":"product_cat","embeddable":true,"href":"https:\/\/smania.store\/ro\/wp-json\/wp\/v2\/product_cat?post=96460"},{"taxonomy":"product_tag","embeddable":true,"href":"https:\/\/smania.store\/ro\/wp-json\/wp\/v2\/product_tag?post=96460"}],"curies":[{"name":"wp","href":"https:\/\/api.w.org\/{rel}","templated":true}]}}