{"id":96277,"date":"2026-05-04T07:46:47","date_gmt":"2026-05-04T05:46:47","guid":{"rendered":"https:\/\/smania.store\/ro\/produs\/trampolina-pliabila-bouncepro-cu-manere-ajustabile\/"},"modified":"2026-05-04T08:52:58","modified_gmt":"2026-05-04T06:52:58","slug":"trampolina-pliabila-bouncepro-cu-manere-ajustabile","status":"publish","type":"product","link":"https:\/\/smania.store\/ro\/produs\/trampolina-pliabila-bouncepro-cu-manere-ajustabile\/","title":{"rendered":"Trampolin\u0103 pliabil\u0103 BouncePro\u2122 cu m\u00e2nere ajustabile"},"content":{"rendered":"<div class=\"smania_landing_description_title\">NOU: \u00cembun\u0103t\u0103\u021be\u0219te-\u021bi rutina de exerci\u021bii<\/div>\n<div class=\"smania_landing_description_txt\">Configureaz\u0103-l rapid, s\u0103ri \u0219i mai repede!<\/div>\n<div class=\"smania_landing_description_subtitle\"> \u00cembun\u0103t\u0103\u021be\u0219te-\u021bi antrenamentele acas\u0103 cu BouncePro\u2122! Conceput pentru antrenamente sigure \u0219i de intensitate mare, acesta \u00eembun\u0103t\u0103\u021be\u0219te cardio, echilibrul \u0219i for\u021ba\u2014cre\u00e2nd o zon\u0103 de fitness compact\u0103 pentru toate v\u00e2rstele.<\/div>\n<div class=\"smania_landing_description_list\">\n<ul>\n<li>Design pliabil pentru o depozitare u\u0219oar\u0103 <\/li>\n<li>Bra\u021be reglabile pentru siguran\u021b\u0103 suplimentar\u0103 <\/li>\n<li>Reduce stresul articular cu un rebound moale <\/li>\n<li>Picioare din cauciuc silen\u021bios pentru men\u021binerea lini\u0219tii <\/li>\n<li>Sus\u021bine antrenamentele \u00een interior \u0219i exterior <\/li>\n<li>Carcas\u0103 robust\u0103 din o\u021bel cu un echilibru precis<\/li>\n<\/ul><\/div>\n","protected":false},"excerpt":{"rendered":"<p>Arde calorii cu fiecare salt |Asigur\u0103 un exerci\u021biu lini\u0219tit \u0219i pa\u0219nic |Material durabil, rezistent la zg\u00e2rieturi |Stimuleaz\u0103 cre\u0219terea muscular\u0103 f\u0103r\u0103 efort|Capacitate de \u00eenc\u0103rcare: p\u00e2n\u0103 la 250kg |Dimensiuni: 100 x 92-115 cm |\u00cen\u0103l\u021bimea picioarelor: 22 cm |Material: \u021bes\u0103tur\u0103 PP pentru s\u0103rit, plas\u0103 din poliester, cauciuc moale, \u021beav\u0103 de o\u021bel \u00eengro\u0219at\u0103<\/p>\n","protected":false},"featured_media":96390,"template":"","meta":[],"product_cat":[21],"product_tag":[1255],"acf":[],"_links":{"self":[{"href":"https:\/\/smania.store\/ro\/wp-json\/wp\/v2\/product\/96277"}],"collection":[{"href":"https:\/\/smania.store\/ro\/wp-json\/wp\/v2\/product"}],"about":[{"href":"https:\/\/smania.store\/ro\/wp-json\/wp\/v2\/types\/product"}],"wp:featuredmedia":[{"embeddable":true,"href":"https:\/\/smania.store\/ro\/wp-json\/wp\/v2\/media\/96390"}],"wp:attachment":[{"href":"https:\/\/smania.store\/ro\/wp-json\/wp\/v2\/media?parent=96277"}],"wp:term":[{"taxonomy":"product_cat","embeddable":true,"href":"https:\/\/smania.store\/ro\/wp-json\/wp\/v2\/product_cat?post=96277"},{"taxonomy":"product_tag","embeddable":true,"href":"https:\/\/smania.store\/ro\/wp-json\/wp\/v2\/product_tag?post=96277"}],"curies":[{"name":"wp","href":"https:\/\/api.w.org\/{rel}","templated":true}]}}