{"id":95993,"date":"2026-04-15T12:25:00","date_gmt":"2026-04-15T10:25:00","guid":{"rendered":"https:\/\/smania.store\/ro\/produs\/kiddorider-tricicleta-electrica-pentru-copii\/"},"modified":"2026-04-17T13:30:52","modified_gmt":"2026-04-17T11:30:52","slug":"kiddorider-tricicleta-electrica-pentru-copii","status":"publish","type":"product","link":"https:\/\/smania.store\/ro\/produs\/kiddorider-tricicleta-electrica-pentru-copii\/","title":{"rendered":"KiddoRider\u2122 triciclet\u0103 electric\u0103 pentru copii"},"content":{"rendered":"<div class=\"smania_landing_description_title\">NOU: Aventur\u0103 Ultimate cu Ma\u0219inu\u021be Pe Ro\u021bi<\/div>\n<div class=\"smania_landing_description_txt\">Las\u0103-\u021bi micu\u021bul c\u0103l\u0103re\u021b s\u0103 conduc\u0103 pe drum!<\/div>\n<div class=\"smania_landing_description_subtitle\">Construit pentru micii c\u0103l\u0103re\u021bi ne\u00eenfrica\u021bi, triciclul electric KiddoRider\u2122 ofer\u0103 stabilitate solid\u0103, un stil elegant \u0219i putere lin\u0103 pentru aventuri de zi cu zi.<\/div>\n<div class=\"smania_landing_description_list\">\n<ul>\n<li>\u00cencurajeaz\u0103 jocul activ \u00een aer liber <\/li>\n<li>\u00cent\u0103re\u0219te abilit\u0103\u021bile motorii \u0219i coordonarea <\/li>\n<li>Lumini LED str\u0103lucitoare pentru vizibilitate <\/li>\n<li>Muzic\u0103 \u0219i MP3 pentru distrac\u021bie educativ\u0103 <\/li>\n<li>Anvelope robuste de 50 cm l\u0103\u021bime pentru stabilitate<\/li>\n<\/ul><\/div>\n","protected":false},"excerpt":{"rendered":"<p>Culoarea ro\u0219ie\/albastr\u0103 uimitoare captiveaz\u0103 |Plasticul durabil asigur\u0103 longevitatea |Func\u021bionare simpl\u0103 cu un singur buton |Promoveaz\u0103 aventuri imaginative|Dimensiuni: 92 x 56 x 50 cm |V\u00e2rst\u0103 potrivit\u0103: 1-8 ani |Capacitate maxim\u0103 de \u00eenc\u0103rcare: 50 kg |Baterie: Baterie re\u00eenc\u0103rcabil\u0103 6V 7Ah<\/p>\n","protected":false},"featured_media":95982,"template":"","meta":[],"product_cat":[17,23],"product_tag":[1776,1268],"acf":[],"_links":{"self":[{"href":"https:\/\/smania.store\/ro\/wp-json\/wp\/v2\/product\/95993"}],"collection":[{"href":"https:\/\/smania.store\/ro\/wp-json\/wp\/v2\/product"}],"about":[{"href":"https:\/\/smania.store\/ro\/wp-json\/wp\/v2\/types\/product"}],"wp:featuredmedia":[{"embeddable":true,"href":"https:\/\/smania.store\/ro\/wp-json\/wp\/v2\/media\/95982"}],"wp:attachment":[{"href":"https:\/\/smania.store\/ro\/wp-json\/wp\/v2\/media?parent=95993"}],"wp:term":[{"taxonomy":"product_cat","embeddable":true,"href":"https:\/\/smania.store\/ro\/wp-json\/wp\/v2\/product_cat?post=95993"},{"taxonomy":"product_tag","embeddable":true,"href":"https:\/\/smania.store\/ro\/wp-json\/wp\/v2\/product_tag?post=95993"}],"curies":[{"name":"wp","href":"https:\/\/api.w.org\/{rel}","templated":true}]}}