{"id":95922,"date":"2026-04-14T09:37:28","date_gmt":"2026-04-14T07:37:28","guid":{"rendered":"https:\/\/smania.store\/ro\/produs\/umbrela-pentru-lesa-de-caine-ajustabila-pawbrella\/"},"modified":"2026-04-14T09:37:28","modified_gmt":"2026-04-14T07:37:28","slug":"umbrela-pentru-lesa-de-caine-ajustabila-pawbrella","status":"publish","type":"product","link":"https:\/\/smania.store\/ro\/produs\/umbrela-pentru-lesa-de-caine-ajustabila-pawbrella\/","title":{"rendered":"Umbrela pentru les\u0103 de c\u00e2ine ajustabil\u0103 PawBrella\u2122"},"content":{"rendered":"<div class=\"smania_landing_description_title\">NOU: Aventur\u0103 Ultimate cu Ma\u0219inu\u021be Pe Ro\u021bi<\/div>\n<div class=\"smania_landing_description_txt\">Men\u021bine-\u021bi c\u0103\u021belul uscat, indiferent de vreme!<\/div>\n<div class=\"smania_landing_description_subtitle\">Plimb\u0103-\u021bi c\u00e2inele confortabil pe ploaie cu PawBrella\u2122, umbrela cu les\u0103 ajustabil\u0103, conceput\u0103 pentru a men\u021bine animalele de companie mici uscate \u0219i protejate. Cu un m\u00e2ner rotativ, o copertin\u0103 transparent\u0103 \u0219i o lungime a lesei ajustabil\u0103, plimb\u0103rile pe vreme ploioas\u0103 au devenit mai u\u0219oare pentru am\u00e2ndoi.<\/div>\n<div class=\"smania_landing_description_list\">\n<ul>\n<li>Perfect pentru C\u00e2ini Mici \u2013 Proiectat pentru rase mici, oferind protec\u021bie complet\u0103 \u00eempotriva ploii<\/li>\n<li>Copertin\u0103 Transparent\u0103 = Mai Pu\u021bin Fric\u0103 \u2013 Umbrela transparent\u0103 permite animalelor de companie s\u0103 vad\u0103 \u00eemprejurimile \u0219i s\u0103 r\u0103m\u00e2n\u0103 calme \u00een timpul plimb\u0103rilor pe ploaie<\/li>\n<li>Complet Reglabil \u2013 M\u00e2ner rotativ + lungime a tijei ajustabil\u0103 + lungime a lesei permit s\u0103 te plimbi confortabil la orice distan\u021b\u0103<\/li>\n<li>Asamblare U\u0219oar\u0103 \u2013 Montare rapid\u0103 \u00een c\u00e2teva minute (prinde, apas\u0103, blocheaz\u0103)<\/li>\n<li>Construc\u021bie Rezistent\u0103 la Vreme \u2013 Copertina durabil\u0103 \u0219i tij\u0103 metalic\u0103 puternic\u0103 asigur\u0103 performan\u021be fiabile \u00een ploaie sau v\u00e2nt<\/li>\n<\/ul><\/div>\n","protected":false},"excerpt":{"rendered":"<p>M\u00e2ner \u0219i les\u0103 ajustabile|Copertin\u0103 transparent\u0103 pentru confort|Perfect pentru c\u00e2ini mici|Impermeabil \u0219i rezistent la v\u00e2nt|Diametru copertin\u0103: 70 cm|M\u00e2ner: M\u00e2ner \u00een form\u0103 de C, rotativ\/ajustabil|Les\u0103: Les\u0103 neagr\u0103 integrat\u0103|Material: Copertin\u0103 transparent\u0103 impermeabil\u0103 + tij\u0103 metalic\u0103<\/p>\n","protected":false},"featured_media":95908,"template":"","meta":[],"product_cat":[20],"product_tag":[],"acf":[],"_links":{"self":[{"href":"https:\/\/smania.store\/ro\/wp-json\/wp\/v2\/product\/95922"}],"collection":[{"href":"https:\/\/smania.store\/ro\/wp-json\/wp\/v2\/product"}],"about":[{"href":"https:\/\/smania.store\/ro\/wp-json\/wp\/v2\/types\/product"}],"wp:featuredmedia":[{"embeddable":true,"href":"https:\/\/smania.store\/ro\/wp-json\/wp\/v2\/media\/95908"}],"wp:attachment":[{"href":"https:\/\/smania.store\/ro\/wp-json\/wp\/v2\/media?parent=95922"}],"wp:term":[{"taxonomy":"product_cat","embeddable":true,"href":"https:\/\/smania.store\/ro\/wp-json\/wp\/v2\/product_cat?post=95922"},{"taxonomy":"product_tag","embeddable":true,"href":"https:\/\/smania.store\/ro\/wp-json\/wp\/v2\/product_tag?post=95922"}],"curies":[{"name":"wp","href":"https:\/\/api.w.org\/{rel}","templated":true}]}}