{"id":95717,"date":"2026-04-07T09:15:12","date_gmt":"2026-04-07T07:15:12","guid":{"rendered":"https:\/\/smania.store\/ro\/produs\/rockyslide-tobogan-5-in-1-pentru-copii-mici\/"},"modified":"2026-05-09T18:06:06","modified_gmt":"2026-05-09T16:06:06","slug":"rockyslide-tobogan-5-in-1-pentru-copii-mici","status":"publish","type":"product","link":"https:\/\/smania.store\/ro\/produs\/rockyslide-tobogan-5-in-1-pentru-copii-mici\/","title":{"rendered":"RockySlide\u2122 tobogan 5 \u00een 1 pentru copii mici"},"content":{"rendered":"<div class=\"smania_landing_description_title\">NOU: Aventur\u0103 Ultimate cu Ma\u0219ini Pe Ro\u021bi<\/div>\n<div class=\"smania_landing_description_txt\">Un Juc\u0103rie. Aventuri F\u0103r\u0103 Sf\u00e2r\u0219it.<\/div>\n<div class=\"smania_landing_description_subtitle\">RockySlide\u2122 reune\u0219te cinci activit\u0103\u021bi captivante \u00eentr-un set de joac\u0103 robust \u0219i prietenos cu copiii\u2014tobogan, balansor, escalad\u0103, co\u0219 de baschet \u0219i aruncare a inelelor. Creat pentru mi\u0219care continu\u0103 \u0219i distrac\u021bie plin\u0103 de imagina\u021bie, este juc\u0103ria all-in-one care men\u021bine copiii activi, ferici\u021bi \u0219i \u00een siguran\u021b\u0103.<\/div>\n<div class=\"smania_landing_description_list\">\n<ul>\n<li>Cinco activit\u0103\u021bi \u00eentr-una: tobogan, juc\u0103rie de balans, mini escalad\u0103, co\u0219 de baschet \u0219i aruncare a inelelor <\/li>\n<li>Construc\u021bie solid\u0103 \u0219i stabil\u0103, cu o baz\u0103 sigur\u0103, rezistent\u0103 la r\u0103sturnare, care suport\u0103 p\u00e2n\u0103 la 50 kg <\/li>\n<li>Mi\u0219care de balansare u\u0219oar\u0103, cu un limitator de siguran\u021b\u0103 integrat pentru a preveni balansarea excesiv\u0103 <\/li>\n<li>Toboganul include m\u00e2nere, o zon\u0103 de start stabil\u0103, o sec\u021biune de vitez\u0103 lin\u0103 \u0219i o zon\u0103 de aterizare moale <\/li>\n<li>Perfect pentru joac\u0103 \u00een interior sau exterior \u0219i u\u0219or de mutat atunci c\u00e2nd este necesar<\/li>\n<\/ul><\/div>\n","protected":false},"excerpt":{"rendered":"<p>5 \u00een 1 joac\u0103 multifunc\u021bional\u0103 |Unghi de balansare sigur |Stabil \u0219i rezistent la r\u0103sturnare |Tobogan neted, prietenos cu copiii mici |Utilizare \u00een interior\/exterior|Culori: Roz + Verde |Capacitate de greutate: P\u00e2n\u0103 la 50 kg |Accesorii incluse: Co\u0219 de baschet, minge gonflabil\u0103, 4 inele, taburet deta\u0219abil |Func\u021bii: Tobogan, balansier, escalad\u0103, aruncare a inelelor, mini baschet |V\u00e2rst\u0103 recomandat\u0103: 3+ ani<\/p>\n","protected":false},"featured_media":95701,"template":"","meta":[],"product_cat":[17],"product_tag":[1273],"acf":[],"_links":{"self":[{"href":"https:\/\/smania.store\/ro\/wp-json\/wp\/v2\/product\/95717"}],"collection":[{"href":"https:\/\/smania.store\/ro\/wp-json\/wp\/v2\/product"}],"about":[{"href":"https:\/\/smania.store\/ro\/wp-json\/wp\/v2\/types\/product"}],"wp:featuredmedia":[{"embeddable":true,"href":"https:\/\/smania.store\/ro\/wp-json\/wp\/v2\/media\/95701"}],"wp:attachment":[{"href":"https:\/\/smania.store\/ro\/wp-json\/wp\/v2\/media?parent=95717"}],"wp:term":[{"taxonomy":"product_cat","embeddable":true,"href":"https:\/\/smania.store\/ro\/wp-json\/wp\/v2\/product_cat?post=95717"},{"taxonomy":"product_tag","embeddable":true,"href":"https:\/\/smania.store\/ro\/wp-json\/wp\/v2\/product_tag?post=95717"}],"curies":[{"name":"wp","href":"https:\/\/api.w.org\/{rel}","templated":true}]}}