{"id":95589,"date":"2026-04-02T13:28:25","date_gmt":"2026-04-02T11:28:25","guid":{"rendered":"https:\/\/smania.store\/ro\/produs\/cornerpantry-cutie-de-paine-pe-colt-cu-doua-straturi\/"},"modified":"2026-04-09T08:23:24","modified_gmt":"2026-04-09T06:23:24","slug":"cornerpantry-cutie-de-paine-pe-colt-cu-doua-straturi","status":"publish","type":"product","link":"https:\/\/smania.store\/ro\/produs\/cornerpantry-cutie-de-paine-pe-colt-cu-doua-straturi\/","title":{"rendered":"CornerPantry\u2122 cutie de p\u00e2ine pe col\u021b cu dou\u0103 straturi"},"content":{"rendered":"<div class=\"smania_landing_description_title\">NOU: Cutia de p\u00e2ine pe col\u021b cu dou\u0103 straturi CornerPantry\u2122<\/div>\n<div class=\"smania_landing_description_txt\">Prospe\u021bime care se potrive\u0219te \u00een col\u021bul buc\u0103t\u0103riei tale<\/div>\n<div class=\"smania_landing_description_subtitle\">Te-ai s\u0103turat de p\u00e2ini uscate \u0219i turtite? Cutia de p\u00e2ine pe col\u021b cu dou\u0103 straturi CornerPantry\u2122 este conceput\u0103 pentru a-\u021bi p\u0103stra p\u00e2inea proasp\u0103t\u0103 timp de zile \u00eentregi \u2014 f\u0103r\u0103 s\u0103 ocupe spa\u021biu pe blat. Designul s\u0103u inteligent de col\u021b, interiorul ventilat \u0219i fereastra transparent\u0103 \u00ee\u021bi permit s\u0103 depozitezi mai multe p\u00e2ini \u00een timp ce le protejezi de aer \u0219i dezordine.<\/div>\n<div class=\"smania_landing_description_list\">\n<ul>\n<li>P\u0103streaz\u0103 p\u00e2inea proasp\u0103t\u0103 p\u00e2n\u0103 la 4 zile<\/li>\n<li>Design de col\u021b care economise\u0219te spa\u021biu<\/li>\n<li>Depozitare pe dou\u0103 straturi pentru 2+ p\u00e2ini<\/li>\n<li>Fereastr\u0103 transparent\u0103 pentru verificare f\u0103r\u0103 deschidere<\/li>\n<li>Finisaj stilat \u0219i durabil care se potrive\u0219te oric\u0103rei buc\u0103t\u0103rii<\/li>\n<\/ul><\/div>\n","protected":false},"excerpt":{"rendered":"<p>Suprafa\u021ba superioar\u0103 poate fi folosit\u0103 pentru depozitare suplimentar\u0103|Ventilatie posterioar\u0103 pentru circula\u021bie optim\u0103 a aerului|Potrivit\u0103 pentru toate tipurile de produse de panifica\u021bie|Include unealt\u0103 pentru asamblare u\u0219oar\u0103|Dimensiuni: 32 \u00d7 34 \u00d7 34 cm|Material: lemn de paulownia + plexiglas|Culoare: Negru mat|Capacitate: 2 p\u00e2ini mari sau echivalentul<\/p>\n","protected":false},"featured_media":95578,"template":"","meta":[],"product_cat":[16],"product_tag":[2170],"acf":[],"_links":{"self":[{"href":"https:\/\/smania.store\/ro\/wp-json\/wp\/v2\/product\/95589"}],"collection":[{"href":"https:\/\/smania.store\/ro\/wp-json\/wp\/v2\/product"}],"about":[{"href":"https:\/\/smania.store\/ro\/wp-json\/wp\/v2\/types\/product"}],"wp:featuredmedia":[{"embeddable":true,"href":"https:\/\/smania.store\/ro\/wp-json\/wp\/v2\/media\/95578"}],"wp:attachment":[{"href":"https:\/\/smania.store\/ro\/wp-json\/wp\/v2\/media?parent=95589"}],"wp:term":[{"taxonomy":"product_cat","embeddable":true,"href":"https:\/\/smania.store\/ro\/wp-json\/wp\/v2\/product_cat?post=95589"},{"taxonomy":"product_tag","embeddable":true,"href":"https:\/\/smania.store\/ro\/wp-json\/wp\/v2\/product_tag?post=95589"}],"curies":[{"name":"wp","href":"https:\/\/api.w.org\/{rel}","templated":true}]}}