{"id":95577,"date":"2026-04-02T11:31:34","date_gmt":"2026-04-02T09:31:34","guid":{"rendered":"https:\/\/smania.store\/ro\/produs\/tidytots-set-de-curatenie-pentru-copii\/"},"modified":"2026-04-02T11:31:34","modified_gmt":"2026-04-02T09:31:34","slug":"tidytots-set-de-curatenie-pentru-copii","status":"publish","type":"product","link":"https:\/\/smania.store\/ro\/produs\/tidytots-set-de-curatenie-pentru-copii\/","title":{"rendered":"TidyTots\u2122 Set de cur\u0103\u021benie pentru copii"},"content":{"rendered":"<div class=\"smania_landing_description_title\">NOI: Strategii \u0219i Stiluri F\u0103r\u0103 Sf\u00e2r\u0219it<\/div>\n<div class=\"smania_landing_description_txt\">Unde micii ajutoare str\u0103lucesc<\/div>\n<div class=\"smania_landing_description_subtitle\">TidyTots\u2122 este un set complet de joac\u0103 de tip &#8222;pretend play&#8221; pentru cur\u0103\u021benie care le permite copiilor s\u0103 imite sarcinile reale de acas\u0103, \u00eentr-un mod distractiv \u0219i interactiv. Cu un aspirator juc\u0103rie func\u021bional, mop, perii, sticle \u0219i un c\u0103rucior mobil de cur\u0103\u021benie, transform\u0103 treburile zilnice \u00een momente de joac\u0103 pline de imagina\u021bie.<\/div>\n<div class=\"smania_landing_description_list\">\n<ul>\n<li>Aspirator de juc\u0103rie func\u021bional cu lumini \u0219i efecte sonore reale, pentru joac\u0103 imersiv\u0103<\/li>\n<li>Include un kit complet de cur\u0103\u021benie cu mop, perii, sticle, burete \u0219i altele<\/li>\n<li>Carucior mobil cu patru ro\u021bi p\u0103streaz\u0103 toate uneltele organizate \u0219i u\u0219or de mi\u0219cat<\/li>\n<li>Ajut\u0103 la dezvoltarea abilit\u0103\u021bilor motorii, responsabilit\u0103\u021bii \u0219i jocului independent<\/li>\n<li>Perfect pentru distrac\u021bia de cur\u0103\u021benie \u00een interior sau exterior<\/li>\n<\/ul><\/div>\n","protected":false},"excerpt":{"rendered":"<p>Vacuum cu sunet real |Kit complet de cur\u0103\u021bare |C\u0103rucior mobil pentru cur\u0103\u021bare |Perfect pentru jocuri de rol |Activitate de \u00eenv\u0103\u021bare distractiv\u0103|Utilizeaz\u0103: Jocuri de rol pentru cur\u0103\u021benie, activit\u0103\u021bi de \u00eenv\u0103\u021bare, jocuri imaginative |Adecvat pentru: B\u0103ie\u021bi \u0219i fete, pentru jocuri de tip pretins \u00een interior sau exterior |Articole incluse: Aspirator, mop, c\u00e2rp\u0103 de sp\u0103lat, lop\u0103\u021bic\u0103, perii, sticle, burete, m\u0103tur\u0103 mic\u0103, c\u0103ru\u021b cu patru ro\u021bi |Putere: Aspiratorul folose\u0219te baterii AA (nu sunt incluse) |Dimensiunea produsului: 50 x 25 x 28 cm<\/p>\n","protected":false},"featured_media":95565,"template":"","meta":[],"product_cat":[17],"product_tag":[1273],"acf":[],"_links":{"self":[{"href":"https:\/\/smania.store\/ro\/wp-json\/wp\/v2\/product\/95577"}],"collection":[{"href":"https:\/\/smania.store\/ro\/wp-json\/wp\/v2\/product"}],"about":[{"href":"https:\/\/smania.store\/ro\/wp-json\/wp\/v2\/types\/product"}],"wp:featuredmedia":[{"embeddable":true,"href":"https:\/\/smania.store\/ro\/wp-json\/wp\/v2\/media\/95565"}],"wp:attachment":[{"href":"https:\/\/smania.store\/ro\/wp-json\/wp\/v2\/media?parent=95577"}],"wp:term":[{"taxonomy":"product_cat","embeddable":true,"href":"https:\/\/smania.store\/ro\/wp-json\/wp\/v2\/product_cat?post=95577"},{"taxonomy":"product_tag","embeddable":true,"href":"https:\/\/smania.store\/ro\/wp-json\/wp\/v2\/product_tag?post=95577"}],"curies":[{"name":"wp","href":"https:\/\/api.w.org\/{rel}","templated":true}]}}