{"id":95539,"date":"2026-04-01T11:48:10","date_gmt":"2026-04-01T09:48:10","guid":{"rendered":"https:\/\/smania.store\/ro\/produs\/beejar-design-de-borcan-pentru-miere-cu-lingurita\/"},"modified":"2026-04-09T17:04:54","modified_gmt":"2026-04-09T15:04:54","slug":"beejar-design-de-borcan-pentru-miere-cu-lingurita","status":"publish","type":"product","link":"https:\/\/smania.store\/ro\/produs\/beejar-design-de-borcan-pentru-miere-cu-lingurita\/","title":{"rendered":"BeeJar\u2122 design de borcan pentru miere cu linguri\u021b\u0103"},"content":{"rendered":"<div class=\"smania_landing_description_title\">NOU: Depozitare U\u0219oar\u0103 a Pantofilor Sub Pat<\/div>\n<div class=\"smania_landing_description_txt\">Elegan\u021ba se \u00eent\u00e2lne\u0219te cu dulcea\u021ba<\/div>\n<div class=\"smania_landing_description_subtitle\"> \u00cembun\u0103t\u0103\u021be\u0219te-\u021bi masa cu BeeJar\u2122, borcanul de miere frumos lucrat, care dispune de un capac cu albin\u0103 neagr\u0103 \u0219i aurie \u0219i o linguri\u021b\u0103 asortat\u0103. Perfect ca un borcan func\u021bional sau ca un element decorativ, aduce lux \u0219i farmec \u00een orice buc\u0103t\u0103rie, pe masa de dining sau \u00een aranjamentele pentru ceai.<\/div>\n<div class=\"smania_landing_description_list\">\n<ul>\n<li>Design Elegant cu Albine \u2013 Capac negru \u0219i auriu care adaug\u0103 instantaneu un aer de lux oric\u0103rei mese <\/li>\n<li>Materiale de Calitate \u2013 Borcan din sticl\u0103 clar\u0103 asociat cu accente metalice lustruite pentru un aspect premium <\/li>\n<li>Func\u021bional \u0219i Stilat \u2013 Perfect pentru miere, zah\u0103r sau gemuri, servind \u00een acela\u0219i timp ca decor <\/li>\n<li>Lingur\u0103 Asortat\u0103 Inclus\u0103 \u2013 Lingura coordonat\u0103 face servirea u\u0219oar\u0103 \u0219i rafinat\u0103 <\/li>\n<li>Idee Grozav\u0103 de Cadou \u2013 O pies\u0103 frumoas\u0103 pentru iubitorii de ceai, fanii decorului de interior sau ocazii speciale<\/li>\n<\/ul><\/div>\n","protected":false},"excerpt":{"rendered":"<p>Finisaj elegant negru \u0219i auriu |Construc\u021bie din sticl\u0103 rezistent\u0103 |Include o lingur\u0103 asortat\u0103 |Perfect pentru servire sau expunere|Material: Borcan din sticl\u0103 + capac din metal lustruit |Tem\u0103: Albin\u0103 \/ decor de lux cu animale |Culoare: Negru &amp; Aur |Inclus: Lingur\u0103 asortat\u0103<\/p>\n","protected":false},"featured_media":95527,"template":"","meta":[],"product_cat":[16],"product_tag":[2170],"acf":[],"_links":{"self":[{"href":"https:\/\/smania.store\/ro\/wp-json\/wp\/v2\/product\/95539"}],"collection":[{"href":"https:\/\/smania.store\/ro\/wp-json\/wp\/v2\/product"}],"about":[{"href":"https:\/\/smania.store\/ro\/wp-json\/wp\/v2\/types\/product"}],"wp:featuredmedia":[{"embeddable":true,"href":"https:\/\/smania.store\/ro\/wp-json\/wp\/v2\/media\/95527"}],"wp:attachment":[{"href":"https:\/\/smania.store\/ro\/wp-json\/wp\/v2\/media?parent=95539"}],"wp:term":[{"taxonomy":"product_cat","embeddable":true,"href":"https:\/\/smania.store\/ro\/wp-json\/wp\/v2\/product_cat?post=95539"},{"taxonomy":"product_tag","embeddable":true,"href":"https:\/\/smania.store\/ro\/wp-json\/wp\/v2\/product_tag?post=95539"}],"curies":[{"name":"wp","href":"https:\/\/api.w.org\/{rel}","templated":true}]}}