{"id":95459,"date":"2026-03-30T06:45:41","date_gmt":"2026-03-30T04:45:41","guid":{"rendered":"https:\/\/smania.store\/ro\/produs\/modulrack-organizator-modular-din-lemn-pentru-blatul-de-lucru\/"},"modified":"2026-04-30T16:55:53","modified_gmt":"2026-04-30T14:55:53","slug":"modulrack-organizator-modular-din-lemn-pentru-blatul-de-lucru","status":"publish","type":"product","link":"https:\/\/smania.store\/ro\/produs\/modulrack-organizator-modular-din-lemn-pentru-blatul-de-lucru\/","title":{"rendered":"ModulRack\u2122 organizator modular din lemn pentru blatul de lucru"},"content":{"rendered":"<div class=\"smania_landing_description_title\">NOU: Depozitare f\u0103r\u0103 efort a pantofilor sub pat<\/div>\n<div class=\"smania_landing_description_txt\">Organizeaz\u0103-\u021bi spa\u021biul cu stil \u0219i flexibilitate!<\/div>\n<div class=\"smania_landing_description_subtitle\"> Transform\u0103-\u021bi casa sau biroul cu ModulRack\u2122, organizatorul modular care ofer\u0103 solu\u021bii de stocare elegante \u0219i flexibile. Finisajul s\u0103u din lemn elegant \u0219i designul ajustabil \u00eel fac perfect pentru a men\u021bine spa\u021biul t\u0103u ordonat, ad\u0103ug\u00e2nd \u00een acela\u0219i timp o not\u0103 de sofisticare.<\/div>\n<div class=\"smania_landing_description_list\">\n<ul>\n<li>Reglabil \u0219i Extensibil \u2013 Glisa\u021bi cele dou\u0103 piese \u00eempreun\u0103 sau separat pentru a crea o potrivire perfect\u0103 <\/li>\n<li>Depozitare Versatil\u0103 \u2013 Ideal pentru c\u0103r\u021bi, articole de birou, decora\u021biuni sau chiar articole de buc\u0103t\u0103rie precum condimentele <\/li>\n<li>Durabil \u0219i Compact \u2013 U\u0219or, dar robust, acest organizator este construit s\u0103 dureze \u0219i s\u0103 economiseasc\u0103 spa\u021biu <\/li>\n<li>Design Elegant \u2013 Lemnul de \u00eenalt\u0103 calitate adaug\u0103 o not\u0103 chic oric\u0103rui spa\u021biu <\/li>\n<li>Asamblare U\u0219oar\u0103 \u2013 Montaj rapid \u0219i simplu cu p\u0103r\u021bile \u0219i instruc\u021biunile incluse<\/li>\n<\/ul><\/div>\n","protected":false},"excerpt":{"rendered":"<p>Finisaj din lemn elegant |Reglabil pentru stocare flexibil\u0103 |Ideal pentru birou, buc\u0103t\u0103rie sau utilizare acas\u0103 |Asamblare u\u0219oar\u0103 cu p\u0103r\u021bile incluse|Dimensiuni: 40 cm x 40 cm x 16.7 cm|Material: Lemn de \u00eenalt\u0103 calitate |Op\u021biuni de finisare: Lemn sau alb |\u00centre\u021binere: \u0218terge\u021bi cu o c\u00e2rp\u0103 uscat\u0103<\/p>\n","protected":false},"featured_media":95500,"template":"","meta":[],"product_cat":[16],"product_tag":[2170],"acf":[],"_links":{"self":[{"href":"https:\/\/smania.store\/ro\/wp-json\/wp\/v2\/product\/95459"}],"collection":[{"href":"https:\/\/smania.store\/ro\/wp-json\/wp\/v2\/product"}],"about":[{"href":"https:\/\/smania.store\/ro\/wp-json\/wp\/v2\/types\/product"}],"wp:featuredmedia":[{"embeddable":true,"href":"https:\/\/smania.store\/ro\/wp-json\/wp\/v2\/media\/95500"}],"wp:attachment":[{"href":"https:\/\/smania.store\/ro\/wp-json\/wp\/v2\/media?parent=95459"}],"wp:term":[{"taxonomy":"product_cat","embeddable":true,"href":"https:\/\/smania.store\/ro\/wp-json\/wp\/v2\/product_cat?post=95459"},{"taxonomy":"product_tag","embeddable":true,"href":"https:\/\/smania.store\/ro\/wp-json\/wp\/v2\/product_tag?post=95459"}],"curies":[{"name":"wp","href":"https:\/\/api.w.org\/{rel}","templated":true}]}}