{"id":95389,"date":"2026-03-26T08:40:32","date_gmt":"2026-03-26T07:40:32","guid":{"rendered":"https:\/\/smania.store\/ro\/produs\/pianorack-cuier-din-lemn-in-forma-de-clape-de-pian\/"},"modified":"2026-04-14T16:57:00","modified_gmt":"2026-04-14T14:57:00","slug":"pianorack-cuier-din-lemn-in-forma-de-clape-de-pian","status":"publish","type":"product","link":"https:\/\/smania.store\/ro\/produs\/pianorack-cuier-din-lemn-in-forma-de-clape-de-pian\/","title":{"rendered":"PianoRack\u2122 cuier din lemn \u00een form\u0103 de clape de pian"},"content":{"rendered":"<div class=\"smania_landing_description_title\">NOU: Transform\u0103 Spa\u021biul \u00een Secunde<\/div>\n<div class=\"smania_landing_description_txt\">Atinge nota perfect\u0103 de stil \u0219i depozitare<\/div>\n<div class=\"smania_landing_description_subtitle\"> \u00cembun\u0103t\u0103\u021be\u0219te-\u021bi spa\u021biul de locuit cu minunatul PianoRack\u2122! Mai mult dec\u00e2t un simplu suport pentru haine, este o combina\u021bie fascinant\u0103 de art\u0103 \u0219i func\u021bionalitate. Fabricat din lemn de nuc durabil, designul s\u0103u unic \u00een form\u0103 de clape de pian serve\u0219te \u0219i ca decor elegant. Coboar\u0103 un c\u00e2rlig c\u00e2nd ai nevoie de el; ridic\u0103-l c\u00e2nd nu mai ai nevoie.<\/div>\n<div class=\"smania_landing_description_list\">\n<ul>\n<li>Designul elegant al cheilor de pian adaug\u0103 un strop de stil <\/li>\n<li>C\u00e2rligele magnetizate previn deschiderea accidental\u0103 <\/li>\n<li>Fabricat manual din nuc solid \u0219i durabil <\/li>\n<li>Utilizare versatil\u0103 pentru p\u0103l\u0103rii, paltoane, peruci <\/li>\n<li>Spa\u021biere autonom\u0103 cu c\u00e2rlige retractabile <\/li>\n<li>Set de 10 c\u00e2rlige practice pentru utilizare zilnic\u0103 organizat\u0103<\/li>\n<\/ul><\/div>\n","protected":false},"excerpt":{"rendered":"<p>\u00cembun\u0103t\u0103\u021be\u0219te decorul oric\u0103rei camere |Economise\u0219te spa\u021biu, maximizeaz\u0103 func\u021bionalitatea |U\u0219or de montat pe orice perete |Tehnologie inovatoare de \u00eenchidere magnetic\u0103|Variatii de culoare: Maro \u00eenchis sau deschis |Dimensiuni: 71 x 14.5 x 3.5 cm |Num\u0103r de c\u00e2rlige: 10 |Material: Lemn<\/p>\n","protected":false},"featured_media":95374,"template":"","meta":[],"product_cat":[16],"product_tag":[],"acf":[],"_links":{"self":[{"href":"https:\/\/smania.store\/ro\/wp-json\/wp\/v2\/product\/95389"}],"collection":[{"href":"https:\/\/smania.store\/ro\/wp-json\/wp\/v2\/product"}],"about":[{"href":"https:\/\/smania.store\/ro\/wp-json\/wp\/v2\/types\/product"}],"wp:featuredmedia":[{"embeddable":true,"href":"https:\/\/smania.store\/ro\/wp-json\/wp\/v2\/media\/95374"}],"wp:attachment":[{"href":"https:\/\/smania.store\/ro\/wp-json\/wp\/v2\/media?parent=95389"}],"wp:term":[{"taxonomy":"product_cat","embeddable":true,"href":"https:\/\/smania.store\/ro\/wp-json\/wp\/v2\/product_cat?post=95389"},{"taxonomy":"product_tag","embeddable":true,"href":"https:\/\/smania.store\/ro\/wp-json\/wp\/v2\/product_tag?post=95389"}],"curies":[{"name":"wp","href":"https:\/\/api.w.org\/{rel}","templated":true}]}}