{"id":95300,"date":"2026-03-20T10:34:54","date_gmt":"2026-03-20T09:34:54","guid":{"rendered":"https:\/\/smania.store\/ro\/produs\/racnetul-cu-mai-multe-niveluri-easycart\/"},"modified":"2026-03-26T08:03:13","modified_gmt":"2026-03-26T07:03:13","slug":"racnetul-cu-mai-multe-niveluri-easycart","status":"publish","type":"product","link":"https:\/\/smania.store\/ro\/produs\/racnetul-cu-mai-multe-niveluri-easycart\/","title":{"rendered":"R\u0103cnetul cu mai multe niveluri EasyCart\u2122"},"content":{"rendered":"<div class=\"smania_landing_description_title\">NOU, Confort Maxim pentru Pisica Ta<\/div>\n<div class=\"smania_landing_description_txt\">Stocare Inteligent\u0103 Care Se Mi\u0219c\u0103 Cu Tine!<\/div>\n<div class=\"smania_landing_description_subtitle\">P\u0103stra\u021bi fiecare camer\u0103 organizat\u0103 cu EasyCart\u2122, caruciorul cu mai multe niveluri, conceput pentru mobilitate f\u0103r\u0103 efort \u0219i stocare eficient\u0103. Cu ro\u021bi fluide, construc\u021bie din o\u021bel carbon rezistent \u0219i un finisaj elegant din Nuc Negru, transform\u0103 spa\u021biile aglomerate \u00een zone ordonate \u0219i accesibile.<\/div>\n<div class=\"smania_landing_description_list\">\n<ul>\n<li>Construc\u021bie Robust\u0103 \u0219i Durabil\u0103 \u2013 Cadru din o\u021bel carbon cu vopsea ecologic\u0103 aplicat\u0103 prin coacere pentru o rezisten\u021b\u0103 de lung\u0103 durat\u0103 <\/li>\n<li>Mobilitate 360\u00b0 Fluid\u0103 \u2013 Ro\u021bi silen\u021bioase \u0219i pulte netede permit mutarea obiectelor \u00een lini\u0219te \u0219i cu u\u0219urin\u021b\u0103 <\/li>\n<li>Depozitare pe Mai Multe Niveluri \u2013 Organizare vertical\u0103 \u0219i orizontal\u0103 care maximizeaz\u0103 chiar \u0219i cele mai str\u00e2mte spa\u021bii <\/li>\n<li>Capacitate Mare &amp; Acces Deschis \u2013 U\u0219or de \u00eenc\u0103rcat, u\u0219or de accesat \u2014 perfect pentru esen\u021bele de zi cu zi <\/li>\n<li>Versatil pentru Orice Camer\u0103 \u2013 Ideal pentru buc\u0103t\u0103rie, hol, baie, sp\u0103l\u0103torie, birou sau living<\/li>\n<\/ul><\/div>\n","protected":false},"excerpt":{"rendered":"<p>Ro\u021bi netede \u0219i silen\u021bioase |Capacitate mare, cu mai multe straturi |Design care economise\u0219te spa\u021biu |Utilizare: Buc\u0103t\u0103rie, hol, living, baie, birou|Culoare: Negru-Nuc |Rafturi: Plac\u0103 de lemn de \u00eenalt\u0103 calitate |Cadru: Structur\u0103 din o\u021bel \u00eent\u0103rit pentru stabilitate |Mobilitate: Ro\u021bi silen\u021bioase la 360\u00b0<\/p>\n","protected":false},"featured_media":95288,"template":"","meta":[],"product_cat":[16,223],"product_tag":[],"acf":[],"_links":{"self":[{"href":"https:\/\/smania.store\/ro\/wp-json\/wp\/v2\/product\/95300"}],"collection":[{"href":"https:\/\/smania.store\/ro\/wp-json\/wp\/v2\/product"}],"about":[{"href":"https:\/\/smania.store\/ro\/wp-json\/wp\/v2\/types\/product"}],"wp:featuredmedia":[{"embeddable":true,"href":"https:\/\/smania.store\/ro\/wp-json\/wp\/v2\/media\/95288"}],"wp:attachment":[{"href":"https:\/\/smania.store\/ro\/wp-json\/wp\/v2\/media?parent=95300"}],"wp:term":[{"taxonomy":"product_cat","embeddable":true,"href":"https:\/\/smania.store\/ro\/wp-json\/wp\/v2\/product_cat?post=95300"},{"taxonomy":"product_tag","embeddable":true,"href":"https:\/\/smania.store\/ro\/wp-json\/wp\/v2\/product_tag?post=95300"}],"curies":[{"name":"wp","href":"https:\/\/api.w.org\/{rel}","templated":true}]}}