{"id":95210,"date":"2026-03-16T06:21:57","date_gmt":"2026-03-16T05:21:57","guid":{"rendered":"https:\/\/smania.store\/ro\/produs\/carucior-cu-rafturi-rotative-spinrack-4-niveluri\/"},"modified":"2026-04-14T23:04:34","modified_gmt":"2026-04-14T21:04:34","slug":"carucior-cu-rafturi-rotative-spinrack-4-niveluri","status":"publish","type":"product","link":"https:\/\/smania.store\/ro\/produs\/carucior-cu-rafturi-rotative-spinrack-4-niveluri\/","title":{"rendered":"Carucior cu rafturi rotative SpinRack\u2122 &#8211; 4 niveluri"},"content":{"rendered":"<div class=\"smania_landing_description_title\">NOU: Organizeaz\u0103 f\u0103r\u0103 efort, mut\u0103 f\u0103r\u0103 probleme<\/div>\n<div class=\"smania_landing_description_txt\">Stocare inteligent\u0103 care se mi\u0219c\u0103 odat\u0103 cu tine!<\/div>\n<div class=\"smania_landing_description_subtitle\">Adu ordine \u00een orice camer\u0103 cu elegantul carucior rotativ SpinRack\u2122. Designul s\u0103u cu 4 straturi ofer\u0103 o organizare f\u0103r\u0103 efort pentru casa ta. Cu o rota\u021bie lin\u0103 de 360\u00b0, o construc\u021bie metalic\u0103 durabil\u0103 \u0219i un spa\u021biu de stocare generos, p\u0103streaz\u0103 totul la \u00eendem\u00e2n\u0103\u2014perfect pentru buc\u0103t\u0103rii, b\u0103i sau orice col\u021b care are nevoie de un strop de ordine \u0219i stil.<\/div>\n<div class=\"smania_landing_description_list\">\n<ul>\n<li>Depozitare mare cu 4 straturi men\u021bine spa\u021biul t\u0103u organizat \u0219i f\u0103r\u0103 dezordine<\/li>\n<li>Plasa respirabil\u0103 p\u0103streaz\u0103 articolele proaspete \u0219i \u00een siguran\u021b\u0103<\/li>\n<li>Ro\u021bile rotative la 360\u00b0 asigur\u0103 o navigare u\u0219oar\u0103<\/li>\n<li>Design compact se potrive\u0219te \u00een orice spa\u021biu restr\u00e2ns<\/li>\n<li>Construit pentru utilizare zilnic\u0103\u2014rezistent, stabil \u0219i u\u0219or de cur\u0103\u021bat<\/li>\n<li>\u00cembun\u0103t\u0103\u021be\u0219te interiorul t\u0103u cu func\u021bionalitate modern\u0103<\/li>\n<\/ul><\/div>\n","protected":false},"excerpt":{"rendered":"<p>4 co\u0219uri mobile|Ro\u021bi rotative la 360\u00b0|Cadre \u00eengro\u0219ate pentru siguran\u021b\u0103 suplimentar\u0103|Material: O\u021bel carbon|Dimensiuni: 80 \u00d7 26.5 cm|Culoare: Negru \/ Alb<\/p>\n","protected":false},"featured_media":95196,"template":"","meta":[],"product_cat":[16,223],"product_tag":[2170,1269],"acf":[],"_links":{"self":[{"href":"https:\/\/smania.store\/ro\/wp-json\/wp\/v2\/product\/95210"}],"collection":[{"href":"https:\/\/smania.store\/ro\/wp-json\/wp\/v2\/product"}],"about":[{"href":"https:\/\/smania.store\/ro\/wp-json\/wp\/v2\/types\/product"}],"wp:featuredmedia":[{"embeddable":true,"href":"https:\/\/smania.store\/ro\/wp-json\/wp\/v2\/media\/95196"}],"wp:attachment":[{"href":"https:\/\/smania.store\/ro\/wp-json\/wp\/v2\/media?parent=95210"}],"wp:term":[{"taxonomy":"product_cat","embeddable":true,"href":"https:\/\/smania.store\/ro\/wp-json\/wp\/v2\/product_cat?post=95210"},{"taxonomy":"product_tag","embeddable":true,"href":"https:\/\/smania.store\/ro\/wp-json\/wp\/v2\/product_tag?post=95210"}],"curies":[{"name":"wp","href":"https:\/\/api.w.org\/{rel}","templated":true}]}}