{"id":94982,"date":"2026-02-27T10:10:30","date_gmt":"2026-02-27T09:10:30","guid":{"rendered":"https:\/\/smania.store\/ro\/produs\/peelpro-curatator-automat-de-legume-si-fructe\/"},"modified":"2026-02-27T10:10:30","modified_gmt":"2026-02-27T09:10:30","slug":"peelpro-curatator-automat-de-legume-si-fructe","status":"publish","type":"product","link":"https:\/\/smania.store\/ro\/produs\/peelpro-curatator-automat-de-legume-si-fructe\/","title":{"rendered":"PeelPro\u2122 cur\u0103\u021b\u0103tor automat de legume \u0219i fructe"},"content":{"rendered":"<div class=\"smania_landing_description_title\"> NOU: Peeling rapid \u00een c\u00e2teva secunde <\/div>\n<div class=\"smania_landing_description_txt\"> O decojire mai inteligent\u0103 \u00eencepe aici! <\/div>\n<div class=\"smania_landing_description_subtitle\"> Ia-\u021bi adio de la decojirea murdar\u0103 \u0219i salut-o pe bucuria pur\u0103 din buc\u0103t\u0103rie! PeelPro decoje\u0219te fructele \u0219i usturoiul \u00een c\u00e2teva secunde &#8211; rapid, precis \u0219i f\u0103r\u0103 de\u0219euri. Experimenta\u021bi ast\u0103zi viitorul g\u0103titului mai rapid \u0219i mai curat! <\/div>\n<div class=\"smania_landing_description_list\">\n<ul>\n<li>Decoje\u0219te perfect \u00een c\u00e2teva secunde &#8211; f\u0103r\u0103 pierdere de pulp\u0103, f\u0103r\u0103 risip\u0103<\/li>\n<li>Precizie de mare vitez\u0103 pentru rezultate netede \u0219i curate de fiecare dat\u0103<\/li>\n<li>Compact \u0219i re\u00eenc\u0103rcabil &#8211; se potrive\u0219te oriunde \u0219i este gata s\u0103 mearg\u0103 oriunde ave\u021bi nevoie de el<\/li>\n<li>Face decojirea f\u0103r\u0103 efort acas\u0103 sau \u00een aer liber<\/li>\n<li>Rapid de cur\u0103\u021bat, cu piese complet deta\u0219abile<\/li>\n<li>V\u0103 men\u021bine buc\u0103t\u0103ria ordonat\u0103, proasp\u0103t\u0103 \u0219i igienic\u0103<\/li>\n<li>Sigur, simplu \u0219i distractiv de utilizat pentru toat\u0103 lumea<\/li>\n<\/ul><\/div>\n","protected":false},"excerpt":{"rendered":"<p>Se dezlipe\u0219te \u00een doar 20 de secunde|P\u00e2n\u0103 la peste 2 ore de utilizare f\u0103r\u0103 fir|Control automat cu o singur\u0103 atingere|Design u\u0219or de 0,8 kg pentru manevrare u\u0219oar\u0103|Lame durabile din o\u021bel inoxidabil pentru performan\u021b\u0103 de lung\u0103 durat\u0103|Material: Polipropilen\u0103 (PP)|Dimensiuni: 20 \u00d7 22 cm|Capacitatea bateriei: 1300mAh (re\u00eenc\u0103rcabil\u0103)|Metoda de \u00eenc\u0103rcare: USB (cablu de \u00eenc\u0103rcare inclus)|\u00centre\u021binere: Piese lavabile la ma\u0219ina de sp\u0103lat vase<\/p>\n","protected":false},"featured_media":94969,"template":"","meta":[],"product_cat":[223],"product_tag":[1256],"acf":[],"_links":{"self":[{"href":"https:\/\/smania.store\/ro\/wp-json\/wp\/v2\/product\/94982"}],"collection":[{"href":"https:\/\/smania.store\/ro\/wp-json\/wp\/v2\/product"}],"about":[{"href":"https:\/\/smania.store\/ro\/wp-json\/wp\/v2\/types\/product"}],"wp:featuredmedia":[{"embeddable":true,"href":"https:\/\/smania.store\/ro\/wp-json\/wp\/v2\/media\/94969"}],"wp:attachment":[{"href":"https:\/\/smania.store\/ro\/wp-json\/wp\/v2\/media?parent=94982"}],"wp:term":[{"taxonomy":"product_cat","embeddable":true,"href":"https:\/\/smania.store\/ro\/wp-json\/wp\/v2\/product_cat?post=94982"},{"taxonomy":"product_tag","embeddable":true,"href":"https:\/\/smania.store\/ro\/wp-json\/wp\/v2\/product_tag?post=94982"}],"curies":[{"name":"wp","href":"https:\/\/api.w.org\/{rel}","templated":true}]}}