{"id":94968,"date":"2026-02-27T09:52:54","date_gmt":"2026-02-27T08:52:54","guid":{"rendered":"https:\/\/smania.store\/ro\/produs\/fluffhut-cuib-din-plus-pentru-animale-de-companie\/"},"modified":"2026-03-30T22:56:53","modified_gmt":"2026-03-30T20:56:53","slug":"fluffhut-cuib-din-plus-pentru-animale-de-companie","status":"publish","type":"product","link":"https:\/\/smania.store\/ro\/produs\/fluffhut-cuib-din-plus-pentru-animale-de-companie\/","title":{"rendered":"FluffHut\u2122 cuib din plu\u0219 pentru animale de companie"},"content":{"rendered":"<div class=\"smania_landing_description_title\">NOU, Confort Maxim pentru Pisica Ta<\/div>\n<div class=\"smania_landing_description_txt\">Cel mai confortabil loc de refugiu pe care animalul t\u0103u de companie \u00eel va adora vreodat\u0103!<\/div>\n<div class=\"smania_landing_description_subtitle\">Oferi\u021bi-i animalului dumneavoastr\u0103 un refugiu cald \u0219i sigur cu FluffHut\u2122, casa de pat moale, conceput\u0103 pentru confort pe tot parcursul anului. P\u0103r\u021bile moi, deta\u0219abile \u0219i lavabile fac din aceasta sanctuarul perfect pentru pisici \u0219i c\u00e2ini mici.<\/div>\n<div class=\"smania_landing_description_list\">\n<ul>\n<li>Interior Moale \u0219i Confortabil \u2013 Materialul pufos ofer\u0103 un spa\u021biu cald \u0219i lini\u0219titor pentru animale de companie s\u0103 se odihneasc\u0103 <\/li>\n<li>Acoperi\u0219 Detasabil \u2013 U\u0219or de deschis, cur\u0103\u021bat \u0219i reasamblat pentru o prospe\u021bime continu\u0103 <\/li>\n<li>Perna \u0219i Materialele Spalabile \u2013 Men\u021bine zona de dormit igienic\u0103 cu un \u00eentre\u021binere f\u0103r\u0103 efort <\/li>\n<li>Design Pliabil \u0219i Portabil \u2013 Se pliaz\u0103 plat pentru o stocare convenabil\u0103 sau c\u0103l\u0103torii \u00eentre camere <\/li>\n<li>Baz\u0103 Stabil\u0103 \u0219i Antiderapant\u0103 \u2013 Asigur\u0103 c\u0103 ad\u0103postul r\u0103m\u00e2ne \u00een loc atunci c\u00e2nd animalele de companie intr\u0103 sau se mi\u0219c\u0103 \u00een interior<\/li>\n<\/ul><\/div>\n","protected":false},"excerpt":{"rendered":"<p>Acoperi\u0219 deta\u0219abil pentru cur\u0103\u021bare u\u0219oar\u0103 |Perne moi, lavabile |Pliabil, u\u0219or de depozitat |Baz\u0103 stabil\u0103, antiderapant\u0103|Dimensiuni: 45 \u00d7 40 \u00d7 45 cm |Structur\u0103: design \u00een 3 piese (cadru exterior, acoperi\u0219 deta\u0219abil, pernu\u021b\u0103 lavabil\u0103) |Material: \u021bes\u0103tur\u0103 din plu\u0219 cu fund antiderapant |Utilizare: Potrivit pentru pisici de interior \u0219i rase mici de c\u00e2ini<\/p>\n","protected":false},"featured_media":94954,"template":"","meta":[],"product_cat":[20],"product_tag":[],"acf":[],"_links":{"self":[{"href":"https:\/\/smania.store\/ro\/wp-json\/wp\/v2\/product\/94968"}],"collection":[{"href":"https:\/\/smania.store\/ro\/wp-json\/wp\/v2\/product"}],"about":[{"href":"https:\/\/smania.store\/ro\/wp-json\/wp\/v2\/types\/product"}],"wp:featuredmedia":[{"embeddable":true,"href":"https:\/\/smania.store\/ro\/wp-json\/wp\/v2\/media\/94954"}],"wp:attachment":[{"href":"https:\/\/smania.store\/ro\/wp-json\/wp\/v2\/media?parent=94968"}],"wp:term":[{"taxonomy":"product_cat","embeddable":true,"href":"https:\/\/smania.store\/ro\/wp-json\/wp\/v2\/product_cat?post=94968"},{"taxonomy":"product_tag","embeddable":true,"href":"https:\/\/smania.store\/ro\/wp-json\/wp\/v2\/product_tag?post=94968"}],"curies":[{"name":"wp","href":"https:\/\/api.w.org\/{rel}","templated":true}]}}