{"id":94923,"date":"2026-02-26T11:37:32","date_gmt":"2026-02-26T10:37:32","guid":{"rendered":"https:\/\/smania.store\/ro\/produs\/set-de-jucarii-educationale-simstation-pentru-simularea-condusului\/"},"modified":"2026-04-16T10:05:23","modified_gmt":"2026-04-16T08:05:23","slug":"set-de-jucarii-educationale-simstation-pentru-simularea-condusului","status":"publish","type":"product","link":"https:\/\/smania.store\/ro\/produs\/set-de-jucarii-educationale-simstation-pentru-simularea-condusului\/","title":{"rendered":"Set de juc\u0103rii educa\u021bionale SimStation\u2122 pentru simularea condusului"},"content":{"rendered":"<div class=\"smania_landing_description_title\">NOU: Experien\u021ba de conducere suprem\u0103<\/div>\n<div class=\"smania_landing_description_txt\">M\u00e2ini mici, aventuri mari &#8211; hai s\u0103 mergem la o plimbare cu ma\u0219ina! Vroom, vroom!<\/div>\n<div class=\"smania_landing_description_subtitle\">D\u0103 fr\u00e2u liber imagina\u021biei copilului t\u0103u! Aceast\u0103 sta\u021bie de conducere interactiv\u0103 aduce \u00eempreun\u0103 lumini, sunete \u0219i distrac\u021bie real\u0103 la volan &#8211; transform\u00e2nd timpul de joac\u0103 \u00een aventur\u0103. Un cadou perfect care inspir\u0103 \u00eenv\u0103\u021barea, creativitatea \u0219i z\u00e2mbete nesf\u00e2r\u0219ite!<\/div>\n<div class=\"smania_landing_description_list\">\n<ul>\n<li>Lumini, sunete \u0219i mi\u0219c\u0103ri realiste pentru o experien\u021b\u0103 de joc captivant\u0103<\/li>\n<li>\u00cencurajeaz\u0103 imagina\u021bia, coordonarea \u0219i jocul de rol creativ<\/li>\n<li>Dispune de o roat\u0103 de simulare a condusului, pedal\u0103 de accelera\u021bie \u0219i fr\u00e2n\u0103<\/li>\n<li>Sigur, stabil \u0219i perfect dimensionat pentru \u0219oferii mici<\/li>\n<li>Un cadou perfect pentru copiii curio\u0219i \u0219i aventuro\u0219i care iubesc s\u0103 exploreze<\/li>\n<\/ul><\/div>\n","protected":false},"excerpt":{"rendered":"<p>Potrivit pentru v\u00e2rste de la 36 de luni \u00een sus|Muzic\u0103 \u00eencorporat\u0103 cu volum reglabil|Lumini LED moi, bl\u00e2nde pentru ochii copiilor|Difuzor cu fir deta\u0219abil pentru joc interactiv|Scen\u0103 rutier\u0103 rotativ\u0103 ciclic\u0103 pentru un efect realist de conducere|Volanul se rote\u0219te la 90\u00b0 la st\u00e2nga \u0219i la dreapta pentru un control realist|Material: ABS, PP, PE (certificat ASTM)|Dimensiuni (Play Station): 47 \u00d7 47 \u00d7 55 cm|Dimensiuni (taburet): 23 \u00d7 23 \u00d7 20 cm|Greutate: 3 kg|Capacitatea scaunului: 50 kg|Tip de baterie: 1,5 x 6,5 mm 6 \u00d7 baterii AA de 1,5 V (nu sunt incluse)<\/p>\n","protected":false},"featured_media":94910,"template":"","meta":[],"product_cat":[17],"product_tag":[1273,1268],"acf":[],"_links":{"self":[{"href":"https:\/\/smania.store\/ro\/wp-json\/wp\/v2\/product\/94923"}],"collection":[{"href":"https:\/\/smania.store\/ro\/wp-json\/wp\/v2\/product"}],"about":[{"href":"https:\/\/smania.store\/ro\/wp-json\/wp\/v2\/types\/product"}],"wp:featuredmedia":[{"embeddable":true,"href":"https:\/\/smania.store\/ro\/wp-json\/wp\/v2\/media\/94910"}],"wp:attachment":[{"href":"https:\/\/smania.store\/ro\/wp-json\/wp\/v2\/media?parent=94923"}],"wp:term":[{"taxonomy":"product_cat","embeddable":true,"href":"https:\/\/smania.store\/ro\/wp-json\/wp\/v2\/product_cat?post=94923"},{"taxonomy":"product_tag","embeddable":true,"href":"https:\/\/smania.store\/ro\/wp-json\/wp\/v2\/product_tag?post=94923"}],"curies":[{"name":"wp","href":"https:\/\/api.w.org\/{rel}","templated":true}]}}