{"id":94856,"date":"2026-02-23T13:49:43","date_gmt":"2026-02-23T12:49:43","guid":{"rendered":"https:\/\/smania.store\/ro\/produs\/woodytile-placi-de-terasa-din-lemn-masiv-cu-imbinare-interblocanta-set-de-12-30x30cm-108-m%c2%b2\/"},"modified":"2026-04-15T19:25:27","modified_gmt":"2026-04-15T17:25:27","slug":"woodytile-placi-de-terasa-din-lemn-masiv-cu-imbinare-interblocanta-set-de-12-30x30cm-108-m%c2%b2","status":"publish","type":"product","link":"https:\/\/smania.store\/ro\/produs\/woodytile-placi-de-terasa-din-lemn-masiv-cu-imbinare-interblocanta-set-de-12-30x30cm-108-m%c2%b2\/","title":{"rendered":"WoodyTile\u2122 Pl\u0103ci de Teras\u0103 din Lemn Masiv cu \u00cembinare Interblocant\u0103 &#8211; set de 12 (30x30cm) = 1,08 m\u00b2"},"content":{"rendered":"<div class=\"smania_landing_description_title\">NOU: \u00cembun\u0103t\u0103\u021be\u0219te-\u021bi Spa\u021biul Instantaneu<\/div>\n<div class=\"smania_landing_description_txt\">Creeaz\u0103-\u021bi Oaza cu un Simplu Click<\/div>\n<div class=\"smania_landing_description_subtitle\">Descoper\u0103 arta elegan\u021bei f\u0103r\u0103 efort cu WoodyTile\u2122. Aceast\u0103 crea\u021bie uimitoare din lemn este biletul t\u0103u c\u0103tre transformarea oric\u0103rui spa\u021biu \u00eentr-o oper\u0103 de art\u0103 uimitoare.<\/div>\n<div class=\"smania_landing_description_list\">\n<ul>\n<li>Instalare F\u0103r\u0103 Efort: Se instaleaz\u0103 cu un simplu click<\/li>\n<li>Material Sofisticat: Lemn premium pentru o frumuse\u021be atemporal\u0103<\/li>\n<li>Utilizare Versatil\u0103: Perfect pentru teras\u0103, verand\u0103, curte, &#8230;<\/li>\n<li>\u00cembun\u0103t\u0103\u021birea Spa\u021biului: Revitalizeaz\u0103 instant orice camer\u0103<\/li>\n<li>Alegere Eco: Material provenit din surse durabile<\/li>\n<li>M\u0103iestrie de Precizie: Finisaj impecabil \u0219i durabilitate<\/li>\n<\/ul><\/div>\n","protected":false},"excerpt":{"rendered":"<p>Transformare instantanee a podelei|Simplific\u0103 procesul de renovare a locuin\u021bei|\u00centre\u021binere redus\u0103, impact ridicat|Adaug\u0103 un aspect luxos f\u0103r\u0103 efort|Ideal pentru pasiona\u021bii de proiecte DIY|Op\u021biuni de culoare: Maro, Maro Deschis, Maro \u00cenchis|Dimensiuni: 30 x 30 x 2,5 cm|Pachetul include: 12x Pl\u0103ci de Teras\u0103|Materiale: Lemn de Brad, Baz\u0103 din Polipropilen\u0103|Acoperire: 1,08 m\u00b2<\/p>\n","protected":false},"featured_media":94844,"template":"","meta":[],"product_cat":[16],"product_tag":[1241],"acf":[],"_links":{"self":[{"href":"https:\/\/smania.store\/ro\/wp-json\/wp\/v2\/product\/94856"}],"collection":[{"href":"https:\/\/smania.store\/ro\/wp-json\/wp\/v2\/product"}],"about":[{"href":"https:\/\/smania.store\/ro\/wp-json\/wp\/v2\/types\/product"}],"wp:featuredmedia":[{"embeddable":true,"href":"https:\/\/smania.store\/ro\/wp-json\/wp\/v2\/media\/94844"}],"wp:attachment":[{"href":"https:\/\/smania.store\/ro\/wp-json\/wp\/v2\/media?parent=94856"}],"wp:term":[{"taxonomy":"product_cat","embeddable":true,"href":"https:\/\/smania.store\/ro\/wp-json\/wp\/v2\/product_cat?post=94856"},{"taxonomy":"product_tag","embeddable":true,"href":"https:\/\/smania.store\/ro\/wp-json\/wp\/v2\/product_tag?post=94856"}],"curies":[{"name":"wp","href":"https:\/\/api.w.org\/{rel}","templated":true}]}}