{"id":94843,"date":"2026-02-23T13:45:51","date_gmt":"2026-02-23T12:45:51","guid":{"rendered":"https:\/\/smania.store\/ro\/produs\/ladmax-scara-telescopica-pliabila-din-aluminiu-220-440-cm\/"},"modified":"2026-02-23T13:45:51","modified_gmt":"2026-02-23T12:45:51","slug":"ladmax-scara-telescopica-pliabila-din-aluminiu-220-440-cm","status":"publish","type":"product","link":"https:\/\/smania.store\/ro\/produs\/ladmax-scara-telescopica-pliabila-din-aluminiu-220-440-cm\/","title":{"rendered":"LadMax\u2122 scar\u0103 telescopic\u0103 pliabil\u0103 din aluminiu 220-440 cm"},"content":{"rendered":"<div class=\"smania_landing_description_title\">NOU: Scara compact\u0103 suprem\u0103 pentru economisirea spa\u021biului<\/div>\n<div class=\"smania_landing_description_txt\">Conquere\u0219te orice \u00een\u0103l\u021bime cu u\u0219urin\u021b\u0103!<\/div>\n<div class=\"smania_landing_description_subtitle\">\u00cent\u00e2lni\u021bi LadMax\u2122, cea mai bun\u0103 scar\u0103 telescopic\u0103 din aluminiu de 4,4 m, construit\u0103 at\u00e2t pentru profesioni\u0219ti, c\u00e2t \u0219i pentru utilizatorii de acas\u0103. Fabricat\u0103 din aliaj de aluminiu, combin\u0103 rezisten\u021ba, stabilitatea \u0219i portabilitatea compact\u0103. Cu \u00eencuietori de siguran\u021b\u0103 pe fiecare treapt\u0103 \u0219i picioare din cauciuc antiderapant, asigur\u0103 o baz\u0103 sigur\u0103 pentru orice sarcin\u0103 \u00een interior sau exterior \u2014 de la vopsire \u0219i repara\u021bii la t\u0103ierea copacilor \u0219i lucr\u0103ri de construc\u021bie.<\/div>\n<div class=\"smania_landing_description_list\">\n<ul>\n<li>Design telescopic compact \u0219i elegant pentru o portabilitate maxim\u0103 <\/li>\n<li>Depozitare f\u0103r\u0103 b\u0103t\u0103i de cap, perfect pentru spa\u021bii \u00eenguste <\/li>\n<li>Se extinde p\u00e2n\u0103 la 4,4 m \u0219i suport\u0103 p\u00e2n\u0103 la 150 kg <\/li>\n<li>Perfect pentru utilizare at\u00e2t \u00een interior, c\u00e2t \u0219i \u00een exterior <\/li>\n<li>Calitate de nivel profesional, ideal pentru acas\u0103 sau la munc\u0103 <\/li>\n<li>Stabilitate \u00eembun\u0103t\u0103\u021bit\u0103 cu picioare din cauciuc antiderapante <\/li>\n<li>Ideal pentru toate sarcinile de \u00eentre\u021binere, reparare \u0219i construc\u021bie<\/li>\n<\/ul><\/div>\n","protected":false},"excerpt":{"rendered":"<p>Num\u0103rul de pa\u0219i: 7 \u00d7 2 |Distan\u021ba \u00eentre pa\u0219i: 30 cm |Capace antiderapante pentru o stabilitate suplimentar\u0103 |\u00cencuietori de siguran\u021b\u0103 pe fiecare treapt\u0103|Material: aliaj de aluminiu |Dimensiuni: 4.4 m (2 \u00d7 2.2 m) |Capacitate de \u00eenc\u0103rcare: 150 kg |Greutate: 18 kg<\/p>\n","protected":false},"featured_media":94831,"template":"","meta":[],"product_cat":[16],"product_tag":[1241],"acf":[],"_links":{"self":[{"href":"https:\/\/smania.store\/ro\/wp-json\/wp\/v2\/product\/94843"}],"collection":[{"href":"https:\/\/smania.store\/ro\/wp-json\/wp\/v2\/product"}],"about":[{"href":"https:\/\/smania.store\/ro\/wp-json\/wp\/v2\/types\/product"}],"wp:featuredmedia":[{"embeddable":true,"href":"https:\/\/smania.store\/ro\/wp-json\/wp\/v2\/media\/94831"}],"wp:attachment":[{"href":"https:\/\/smania.store\/ro\/wp-json\/wp\/v2\/media?parent=94843"}],"wp:term":[{"taxonomy":"product_cat","embeddable":true,"href":"https:\/\/smania.store\/ro\/wp-json\/wp\/v2\/product_cat?post=94843"},{"taxonomy":"product_tag","embeddable":true,"href":"https:\/\/smania.store\/ro\/wp-json\/wp\/v2\/product_tag?post=94843"}],"curies":[{"name":"wp","href":"https:\/\/api.w.org\/{rel}","templated":true}]}}