{"id":94776,"date":"2026-02-19T11:04:14","date_gmt":"2026-02-19T10:04:14","guid":{"rendered":"https:\/\/smania.store\/ro\/produs\/woodydraw-organizator-pentru-blat-cu-sertar\/"},"modified":"2026-04-16T21:42:33","modified_gmt":"2026-04-16T19:42:33","slug":"woodydraw-organizator-pentru-blat-cu-sertar","status":"publish","type":"product","link":"https:\/\/smania.store\/ro\/produs\/woodydraw-organizator-pentru-blat-cu-sertar\/","title":{"rendered":"WoodyDraw\u2122 organizator pentru blat cu sertar"},"content":{"rendered":"<div class=\"smania_landing_description_title\">NOU, Vr\u0103jitorul t\u0103u organizator de col\u021buri<\/div>\n<div class=\"smania_landing_description_txt\">Depozitare inteligent\u0103 care aduce calm blatului dvs.<\/div>\n<div class=\"smania_landing_description_subtitle\">Aduce\u021bi organizarea f\u0103r\u0103 efort \u0219i elegan\u021ba natural\u0103 \u00een casa dvs. cu acest organizator de blat elegant. Fabricat din materiale rezistente, acesta ofer\u0103 at\u00e2t frumuse\u021be, c\u00e2t \u0219i durabilitate, \u00een timp ce v\u0103 p\u0103streaz\u0103 elementele esen\u021biale la locul lor. Sertarul spa\u021bios adaug\u0103 acces convenabil \u0219i spa\u021biu suplimentar pentru obiectele dvs. de zi cu zi, f\u0103c\u00e2nd spa\u021biul dvs. mai curat, mai calm \u0219i perfect aranjat.<\/div>\n<div class=\"smania_landing_description_list\">\n<ul>\n<li>P\u0103streaz\u0103 micile obiecte esen\u021biale organizate ordonat \u0219i \u00eentotdeauna la \u00eendem\u00e2n\u0103<\/li>\n<li>Fabricat din materiale rezistente pentru stabilitate \u0219i rezisten\u021b\u0103 de durat\u0103<\/li>\n<li>Combin\u0103 c\u0103ldura natural\u0103 \u0219i minimalismul modern pentru a \u00een\u0103l\u021ba orice decor de camer\u0103<\/li>\n<li>Maximizeaz\u0103 spa\u021biul de pe blat \u00een timp ce v\u0103 men\u021bine casa ordonat\u0103 \u0219i elegant\u0103<\/li>\n<li>Perfect pentru depozitarea obiectelor de zi cu zi \u00een buc\u0103t\u0103rie, baie, birou sau hol<\/li>\n<\/ul><\/div>\n","protected":false},"excerpt":{"rendered":"<p>Sertar: Extractibil|Montaj: De sine st\u0103t\u0103toare \u0219i u\u0219or de mutat|Structur\u0103: Construc\u021bie stabil\u0103|Dimensiuni: 37 \u00d7 26 \u00d7 20 cm (\u00een\u0103l\u021bimea sertarului: 9 cm)|Material: Lemn, metal|Culoare: maro deschis, negru<\/p>\n","protected":false},"featured_media":94766,"template":"","meta":[],"product_cat":[16,223],"product_tag":[1539],"acf":[],"_links":{"self":[{"href":"https:\/\/smania.store\/ro\/wp-json\/wp\/v2\/product\/94776"}],"collection":[{"href":"https:\/\/smania.store\/ro\/wp-json\/wp\/v2\/product"}],"about":[{"href":"https:\/\/smania.store\/ro\/wp-json\/wp\/v2\/types\/product"}],"wp:featuredmedia":[{"embeddable":true,"href":"https:\/\/smania.store\/ro\/wp-json\/wp\/v2\/media\/94766"}],"wp:attachment":[{"href":"https:\/\/smania.store\/ro\/wp-json\/wp\/v2\/media?parent=94776"}],"wp:term":[{"taxonomy":"product_cat","embeddable":true,"href":"https:\/\/smania.store\/ro\/wp-json\/wp\/v2\/product_cat?post=94776"},{"taxonomy":"product_tag","embeddable":true,"href":"https:\/\/smania.store\/ro\/wp-json\/wp\/v2\/product_tag?post=94776"}],"curies":[{"name":"wp","href":"https:\/\/api.w.org\/{rel}","templated":true}]}}