{"id":94469,"date":"2026-01-27T07:52:21","date_gmt":"2026-01-27T06:52:21","guid":{"rendered":"https:\/\/smania.store\/ro\/produs\/reflectiva-3d-pvc-oglinda-panou-de-perete-50-x-50-cm-pachet-8\/"},"modified":"2026-02-26T13:06:10","modified_gmt":"2026-02-26T12:06:10","slug":"reflectiva-3d-pvc-oglinda-panou-de-perete-50-x-50-cm-pachet-8","status":"publish","type":"product","link":"https:\/\/smania.store\/ro\/produs\/reflectiva-3d-pvc-oglinda-panou-de-perete-50-x-50-cm-pachet-8\/","title":{"rendered":"Reflectiva\u2122 3D PVC oglind\u0103 panou de perete 50 x 50 cm &#8211; pachet 8"},"content":{"rendered":"<div class=\"smania_landing_description_title\">NOU: Transforma\u021bi instantaneu orice perete sau tavan<\/div>\n<div class=\"smania_landing_description_txt\">Transforma\u021bi fiecare perete \u00eentr-o poveste de stil!<\/div>\n<div class=\"smania_landing_description_subtitle\"> Transforma\u021bi-v\u0103 pere\u021bii cu Reflectiva\u2122 &#8211; panouri \u00eendr\u0103zne\u021be cu oglinzi 3D care \u00eembin\u0103 designul modern cu reflexiile uimitoare. U\u0219oare, durabile \u0219i u\u0219or de instalat, acestea creeaz\u0103 o declara\u021bie instantanee \u00een orice camer\u0103.<\/div>\n<div class=\"smania_landing_description_list\">\n<ul>\n<li>Efect de oglind\u0103 elegant pentru interioare moderne<\/li>\n<li>Perfect pentru cas\u0103 sau birou<\/li>\n<li>Material PVC robust \u0219i flexibil<\/li>\n<li>\u00cembun\u0103t\u0103\u021be\u0219te lumina, profunzimea \u0219i spa\u021bialitatea camerei<\/li>\n<li>Izolare fonic\u0103 \u0219i difuzie<\/li>\n<\/ul><\/div>\n","protected":false},"excerpt":{"rendered":"<p>Suprafa\u021b\u0103 rezistent\u0103 la zg\u00e2rieturi pentru o str\u0103lucire de lung\u0103 durat\u0103|Acoperirea cu protec\u021bie UV previne decolorarea|PVC ecologic &#8211; sigur pentru orice cas\u0103|Finisaj cu \u00eentre\u021binere redus\u0103 &#8211; u\u0219or de cur\u0103\u021bat|Varia\u021bii: gri mat, alb mat, textur\u0103 de lemn|Dimensiunile unui singur panou: 50 x 50 cm|Acoperirea unui singur panou: 0.25 m\u00b2|Acoperire pachet de 8: 2 m\u00b2<\/p>\n","protected":false},"featured_media":94455,"template":"","meta":[],"product_cat":[16],"product_tag":[2170],"acf":[],"_links":{"self":[{"href":"https:\/\/smania.store\/ro\/wp-json\/wp\/v2\/product\/94469"}],"collection":[{"href":"https:\/\/smania.store\/ro\/wp-json\/wp\/v2\/product"}],"about":[{"href":"https:\/\/smania.store\/ro\/wp-json\/wp\/v2\/types\/product"}],"wp:featuredmedia":[{"embeddable":true,"href":"https:\/\/smania.store\/ro\/wp-json\/wp\/v2\/media\/94455"}],"wp:attachment":[{"href":"https:\/\/smania.store\/ro\/wp-json\/wp\/v2\/media?parent=94469"}],"wp:term":[{"taxonomy":"product_cat","embeddable":true,"href":"https:\/\/smania.store\/ro\/wp-json\/wp\/v2\/product_cat?post=94469"},{"taxonomy":"product_tag","embeddable":true,"href":"https:\/\/smania.store\/ro\/wp-json\/wp\/v2\/product_tag?post=94469"}],"curies":[{"name":"wp","href":"https:\/\/api.w.org\/{rel}","templated":true}]}}