{"id":94430,"date":"2026-01-26T05:30:20","date_gmt":"2026-01-26T04:30:20","guid":{"rendered":"https:\/\/smania.store\/ro\/produs\/motodoctor-protector-de-motor-foarte-eficient-325-ml\/"},"modified":"2026-01-26T05:30:20","modified_gmt":"2026-01-26T04:30:20","slug":"motodoctor-protector-de-motor-foarte-eficient-325-ml","status":"publish","type":"product","link":"https:\/\/smania.store\/ro\/produs\/motodoctor-protector-de-motor-foarte-eficient-325-ml\/","title":{"rendered":"MotoDoctor\u2122 Protector de motor foarte eficient (325 ml)"},"content":{"rendered":"<div class=\"smania_landing_description_title\">NOU: Protejeaz\u0103 B\u0103t\u0103ile Inimii Motorului T\u0103u<\/div>\n<div class=\"smania_landing_description_txt\">Protec\u021bie pe termen lung pentru p\u0103r\u021bile esen\u021biale ale motorului<\/div>\n<div class=\"smania_landing_description_subtitle\">Descoperi\u021bi adev\u0103ratul poten\u021bial al vehiculului dumneavoastr\u0103 cu Anti-WearAgent\u2122. Conceput pentru a \u00eenv\u0103lui componentele esen\u021biale ale motorului, aceast\u0103 solu\u021bie creeaz\u0103 o barier\u0103 f\u0103r\u0103 egal \u00eempotriva frec\u0103rii \u0219i uzurii, asigur\u00e2ndu-v\u0103 c\u0103 fiecare c\u0103l\u0103torie este mai lin\u0103 \u0219i mai eficient\u0103 dec\u00e2t cea precedent\u0103.<\/div>\n<div class=\"smania_landing_description_list\">\n<ul>\n<li>Restabile\u0219te func\u021bionarea lin\u0103 \u2013 Reduce frecarea \u0219i zgomotul motorului<\/li>\n<li>Aplicare u\u0219oar\u0103 \u2013 Se toarn\u0103 direct \u00een orificiul de umplere a uleiului<\/li>\n<li>Protejeaz\u0103 \u00eempotriva uzurii \u2013 Formeaz\u0103 un film de lubrifiere protector<\/li>\n<li>Reduce consumul de ulei \u2013 \u00cembun\u0103t\u0103\u021be\u0219te etan\u0219area componentelor motorului<\/li>\n<li>Prelunge\u0219te durata de via\u021b\u0103 a uleiului \u2013 Men\u021bine performan\u021ba pentru mai mult timp<\/li>\n<li>Raport de dozare \u2013 325 ml pentru p\u00e2n\u0103 la 6 L de ulei de motor<\/li>\n<\/ul><\/div>\n","protected":false},"excerpt":{"rendered":"<p>Protejeaz\u0103 p\u0103r\u021bile vitale ale motorului|Asigur\u0103 o experien\u021b\u0103 de condus mai lin\u0103|Reducerea c\u0103ldurii pentru longevitatea motorului|Aspect: Lichid clar p\u00e2n\u0103 la u\u0219or chihlimbar|Volum lichid: 325 ml|Densitate: ~0.85 g\/cm\u00b3 la 20 \u00b0C|Punct de aprindere: &gt;200 \u00b0C|Raport de dozare: 325 ml la 6 L de ulei<\/p>\n","protected":false},"featured_media":94416,"template":"","meta":[],"product_cat":[18,2366],"product_tag":[2374],"acf":[],"_links":{"self":[{"href":"https:\/\/smania.store\/ro\/wp-json\/wp\/v2\/product\/94430"}],"collection":[{"href":"https:\/\/smania.store\/ro\/wp-json\/wp\/v2\/product"}],"about":[{"href":"https:\/\/smania.store\/ro\/wp-json\/wp\/v2\/types\/product"}],"wp:featuredmedia":[{"embeddable":true,"href":"https:\/\/smania.store\/ro\/wp-json\/wp\/v2\/media\/94416"}],"wp:attachment":[{"href":"https:\/\/smania.store\/ro\/wp-json\/wp\/v2\/media?parent=94430"}],"wp:term":[{"taxonomy":"product_cat","embeddable":true,"href":"https:\/\/smania.store\/ro\/wp-json\/wp\/v2\/product_cat?post=94430"},{"taxonomy":"product_tag","embeddable":true,"href":"https:\/\/smania.store\/ro\/wp-json\/wp\/v2\/product_tag?post=94430"}],"curies":[{"name":"wp","href":"https:\/\/api.w.org\/{rel}","templated":true}]}}