{"id":94343,"date":"2026-01-23T07:16:27","date_gmt":"2026-01-23T06:16:27","guid":{"rendered":"https:\/\/smania.store\/ro\/produs\/catafix-curatitor-de-catalizatori-250-ml\/"},"modified":"2026-01-23T11:04:30","modified_gmt":"2026-01-23T10:04:30","slug":"catafix-curatitor-de-catalizatori-250-ml","status":"publish","type":"product","link":"https:\/\/smania.store\/ro\/produs\/catafix-curatitor-de-catalizatori-250-ml\/","title":{"rendered":"CataFix\u2122 Cur\u0103\u021bitor de catalizatori (250 ml)"},"content":{"rendered":"<div class=\"smania_landing_description_title\">NOU: CataClean\u2122 \u2013 pentru un motor puternic<\/div>\n<div class=\"smania_landing_description_txt\">Restabile\u0219te eficien\u021ba \u0219i performan\u021ba motorului t\u0103u cu o metod\u0103 simpl\u0103.<\/div>\n<div class=\"smania_landing_description_subtitle\">Cur\u0103\u021ba\u021bi-v\u0103 convertorul catalitic temeinic cu CataFix\u2122 \u2013 f\u0103r\u0103 a fi nevoie de demontare! Sc\u0103pa\u021bi de temutul indicator &#8222;verifica\u021bi motorul&#8221;, reduce\u021bi emisiile \u0219i restaura\u021bi puterea pierdut\u0103 cu un singur tratament ad\u0103ugat \u00een rezervorul de combustibil.<\/div>\n<div class=\"smania_landing_description_list\">\n<ul>\n<li>\u00cembun\u0103t\u0103\u021be\u0219te performan\u021ba motorului \u0219i eficien\u021ba combustibilului <\/li>\n<li>Cur\u0103\u021bare eficient\u0103 a convertorului catalitic f\u0103r\u0103 demontare <\/li>\n<li>Pur \u0219i simplu toarn\u0103 \u00een rezervorul de combustibil \u0219i conduce \u00een timp ce \u00ee\u0219i face magia <\/li>\n<li>Ajut\u0103 la eliminarea luminii de avertizare \u201everifica\u021bi motorul\u201d cauzat\u0103 de \u00eenfundare <\/li>\n<li>Reduce emisiile nocive \u0219i mirosul nepl\u0103cut al gazelor de e\u0219apament<\/li>\n<\/ul><\/div>\n","protected":false},"excerpt":{"rendered":"<p>Ofer\u0103 o ac\u021biune de cur\u0103\u021bare cuprinz\u0103toare |\u00cendep\u0103rteaz\u0103 depunerile de pe senzorii de oxigen \u0219i injectoarele de combustibil |Descompune uleiul \u0219i particulele de combustibil ars |Sus\u021bine o func\u021bionare mai lin\u0103 \u0219i mai stabil\u0103 a motorului |Ajut\u0103 la prevenirea acumul\u0103rilor \u0219i blocajelor viitoare|Aplica\u021bie: Ad\u0103uga\u021bi direct \u00een rezervorul de combustibil \u00eenainte de alimentare |Dozaj: O sticl\u0103 (250 ml) trateaz\u0103 50\u201360 litri de combustibil |Utilizare recomandat\u0103: La fiecare 5.000 km sau c\u00e2nd apar probleme cu injectoarele |Volum pachet: 250 ml<\/p>\n","protected":false},"featured_media":94332,"template":"","meta":[],"product_cat":[18,2366],"product_tag":[1274],"acf":[],"_links":{"self":[{"href":"https:\/\/smania.store\/ro\/wp-json\/wp\/v2\/product\/94343"}],"collection":[{"href":"https:\/\/smania.store\/ro\/wp-json\/wp\/v2\/product"}],"about":[{"href":"https:\/\/smania.store\/ro\/wp-json\/wp\/v2\/types\/product"}],"wp:featuredmedia":[{"embeddable":true,"href":"https:\/\/smania.store\/ro\/wp-json\/wp\/v2\/media\/94332"}],"wp:attachment":[{"href":"https:\/\/smania.store\/ro\/wp-json\/wp\/v2\/media?parent=94343"}],"wp:term":[{"taxonomy":"product_cat","embeddable":true,"href":"https:\/\/smania.store\/ro\/wp-json\/wp\/v2\/product_cat?post=94343"},{"taxonomy":"product_tag","embeddable":true,"href":"https:\/\/smania.store\/ro\/wp-json\/wp\/v2\/product_tag?post=94343"}],"curies":[{"name":"wp","href":"https:\/\/api.w.org\/{rel}","templated":true}]}}