{"id":94295,"date":"2026-01-20T12:12:37","date_gmt":"2026-01-20T11:12:37","guid":{"rendered":"https:\/\/smania.store\/ro\/produs\/barmaster-bara-de-tractiune-ajustabila-pentru-cadru-de-usa\/"},"modified":"2026-03-30T15:08:25","modified_gmt":"2026-03-30T13:08:25","slug":"barmaster-bara-de-tractiune-ajustabila-pentru-cadru-de-usa","status":"publish","type":"product","link":"https:\/\/smania.store\/ro\/produs\/barmaster-bara-de-tractiune-ajustabila-pentru-cadru-de-usa\/","title":{"rendered":"BarMaster\u2122 bar\u0103 de trac\u021biune ajustabil\u0103 pentru cadru de u\u0219\u0103"},"content":{"rendered":"<div class=\"smania_landing_description_title\">NOU: \u00cembun\u0103t\u0103\u021be\u0219te-\u021bi antrenamentul acas\u0103<\/div>\n<div class=\"smania_landing_description_txt\">U\u0219a ta, sala ta de sport \u2013 F\u0103r\u0103 \u0219uruburi, f\u0103r\u0103 limite<\/div>\n<div class=\"smania_landing_description_subtitle\"> \u00cent\u00e2lne\u0219te BarMaster\u2122 \u2014 un instrument de fitness revolu\u021bionar care combin\u0103 stabilitatea de v\u00e2rf cu un design elegant \u0219i u\u0219or de utilizat. Cu o structur\u0103 robust\u0103 \u00een form\u0103 de triunghi cu 4 puncte \u0219i un sistem ingenios de blocare multipl\u0103, aceast\u0103 bar\u0103 ofer\u0103 un suport f\u0103r\u0103 egal pentru cele mai intense antrenamente. Nu sunt necesare unelte sau g\u0103urire!<\/div>\n<div class=\"smania_landing_description_list\">\n<ul>\n<li>Stabilitate neegalat\u0103 de 180 kg pentru utilizare \u00een siguran\u021b\u0103 <\/li>\n<li>Instalare rapid\u0103, f\u0103r\u0103 unelte necesare <\/li>\n<li>Dimensiuni adaptabile: 70-100 cm sau 100-135 cm <\/li>\n<li>Spum\u0103 ecologic\u0103 pentru confort <\/li>\n<li>Sistem multi-blocare pentru o prindere optim\u0103 <\/li>\n<li>Perfect pentru diverse niveluri de fitness<\/li>\n<\/ul><\/div>\n","protected":false},"excerpt":{"rendered":"<p>Design triunghiular pentru stabilitate |Montare rapid\u0103 \u00een c\u00e2teva secunde |F\u0103r\u0103 \u0219uruburi, f\u0103r\u0103 g\u0103urire, f\u0103r\u0103 b\u0103t\u0103i de cap |M\u00e2nere care absorb transpira\u021bia \u0219i reduc oboseala|Varianta 1: Lungime: 70-100 cm |Varianta 2: Lungime: 100-135 cm |\u00cenc\u0103rcare maxim\u0103 (lungime retras\u0103): P\u00e2n\u0103 la 180 kg |\u00cenc\u0103rcare maxim\u0103 (lungime extins\u0103): P\u00e2n\u0103 la 100 kg<\/p>\n","protected":false},"featured_media":94284,"template":"","meta":[],"product_cat":[21],"product_tag":[1255],"acf":[],"_links":{"self":[{"href":"https:\/\/smania.store\/ro\/wp-json\/wp\/v2\/product\/94295"}],"collection":[{"href":"https:\/\/smania.store\/ro\/wp-json\/wp\/v2\/product"}],"about":[{"href":"https:\/\/smania.store\/ro\/wp-json\/wp\/v2\/types\/product"}],"wp:featuredmedia":[{"embeddable":true,"href":"https:\/\/smania.store\/ro\/wp-json\/wp\/v2\/media\/94284"}],"wp:attachment":[{"href":"https:\/\/smania.store\/ro\/wp-json\/wp\/v2\/media?parent=94295"}],"wp:term":[{"taxonomy":"product_cat","embeddable":true,"href":"https:\/\/smania.store\/ro\/wp-json\/wp\/v2\/product_cat?post=94295"},{"taxonomy":"product_tag","embeddable":true,"href":"https:\/\/smania.store\/ro\/wp-json\/wp\/v2\/product_tag?post=94295"}],"curies":[{"name":"wp","href":"https:\/\/api.w.org\/{rel}","templated":true}]}}