{"id":94221,"date":"2026-01-20T08:44:18","date_gmt":"2026-01-20T07:44:18","guid":{"rendered":"https:\/\/smania.store\/ro\/produs\/abforge-aparat-reglabil-pentru-abdomene-cu-revenire-automata\/"},"modified":"2026-04-14T14:10:15","modified_gmt":"2026-04-14T12:10:15","slug":"abforge-aparat-reglabil-pentru-abdomene-cu-revenire-automata","status":"publish","type":"product","link":"https:\/\/smania.store\/ro\/produs\/abforge-aparat-reglabil-pentru-abdomene-cu-revenire-automata\/","title":{"rendered":"AbForge\u2122 aparat reglabil pentru abdomene cu revenire automat\u0103"},"content":{"rendered":"<div class=\"smania_landing_description_title\">NOU: Transforma\u021bi antrenamentele de acas\u0103 cu o singur\u0103 atingere<\/div>\n<div class=\"smania_landing_description_txt\">\u00cent\u0103re\u0219te-\u021bi abdomenul cu putere de revenire inteligent\u0103!<\/div>\n<div class=\"smania_landing_description_subtitle\">V\u0103 prezent\u0103m AbForge\u2122, o completare indispensabil\u0103 a s\u0103lii dvs. de sport de acas\u0103. Proiectat pentru un antrenament eficient al abdomenului, acesta ofer\u0103 antrenamente de baz\u0103 direc\u021bionate cu asisten\u021b\u0103 automat\u0103 la revenire \u0219i niveluri de rezisten\u021b\u0103 reglabile. Dezvolt\u0103-\u021bi for\u021ba, sculpteaz\u0103-\u021bi abdomenul \u0219i stimuleaz\u0103 rezisten\u021ba &#8211; toate din confortul casei tale!<\/div>\n<div class=\"smania_landing_description_list\">\n<ul>\n<li>3 niveluri de rezisten\u021b\u0103 reglabile pentru antrenament progresiv<\/li>\n<li>Sistemul automat de revenire reduce tensiunea, maximizeaz\u0103 repet\u0103rile<\/li>\n<li>Designul ergonomic suport\u0103 abdomene \u0219i abdomene \u00een siguran\u021b\u0103<\/li>\n<li>\u00cent\u0103re\u0219te eficient nucleul, abdomenul \u0219i oblicele<\/li>\n<li>Potrivit at\u00e2t pentru \u00eencep\u0103tori, c\u00e2t \u0219i pentru profesioni\u0219ti<\/li>\n<\/ul><\/div>\n","protected":false},"excerpt":{"rendered":"<p>Compact \u0219i pliabil &#8211; u\u0219or de depozitat|Construc\u021bia antiderapant\u0103 asigur\u0103 stabilitate|Sprijin\u0103 abdomene, abdomene \u0219i \u00eent\u0103rirea nucleului|Ideal pentru sala de sport de acas\u0103, birou sau antrenamente \u00een mi\u0219care|Dimensiuni: 510 x 400 mm|Nivel de tensiune: 150 kg|Niveluri de rezisten\u021b\u0103: 3 set\u0103ri reglabile|Grupe de mu\u0219chi vizate: Abdominali, oblici, core, spate inferior<\/p>\n","protected":false},"featured_media":94209,"template":"","meta":[],"product_cat":[21],"product_tag":[1255],"acf":[],"_links":{"self":[{"href":"https:\/\/smania.store\/ro\/wp-json\/wp\/v2\/product\/94221"}],"collection":[{"href":"https:\/\/smania.store\/ro\/wp-json\/wp\/v2\/product"}],"about":[{"href":"https:\/\/smania.store\/ro\/wp-json\/wp\/v2\/types\/product"}],"wp:featuredmedia":[{"embeddable":true,"href":"https:\/\/smania.store\/ro\/wp-json\/wp\/v2\/media\/94209"}],"wp:attachment":[{"href":"https:\/\/smania.store\/ro\/wp-json\/wp\/v2\/media?parent=94221"}],"wp:term":[{"taxonomy":"product_cat","embeddable":true,"href":"https:\/\/smania.store\/ro\/wp-json\/wp\/v2\/product_cat?post=94221"},{"taxonomy":"product_tag","embeddable":true,"href":"https:\/\/smania.store\/ro\/wp-json\/wp\/v2\/product_tag?post=94221"}],"curies":[{"name":"wp","href":"https:\/\/api.w.org\/{rel}","templated":true}]}}