{"id":94192,"date":"2026-01-19T10:37:53","date_gmt":"2026-01-19T09:37:53","guid":{"rendered":"https:\/\/smania.store\/ro\/produs\/ceas-de-perete-led-cu-panda-dansator-pandatime\/"},"modified":"2026-04-02T08:05:14","modified_gmt":"2026-04-02T06:05:14","slug":"ceas-de-perete-led-cu-panda-dansator-pandatime","status":"publish","type":"product","link":"https:\/\/smania.store\/ro\/produs\/ceas-de-perete-led-cu-panda-dansator-pandatime\/","title":{"rendered":"Ceas de perete LED cu panda dansator PandaTime\u2122"},"content":{"rendered":"<div class=\"smania_landing_description_title\">NOU: \u00ce\u021bi ilumineaz\u0103 spa\u021biul \u00eentr-un mod creativ<\/div>\n<div class=\"smania_landing_description_txt\">Transform\u0103-\u021bi camera cu o str\u0103lucire adorabil\u0103<\/div>\n<div class=\"smania_landing_description_subtitle\"> \u00cembr\u0103\u021bi\u0219eaz\u0103 elegan\u021ba cu ceasul PandaTime\u2122. Acest ceas unic cu tematic\u0103 panda, dotat cu iluminare LED moale, \u00eembun\u0103t\u0103\u021be\u0219te instantaneu orice camer\u0103 cu farmec \u0219i sofisticare, oferind o transformare uimitoare a locuin\u021bei. <\/div>\n<div class=\"smania_landing_description_list\">\n<ul>\n<li>Designul \u00eenc\u00e2nt\u0103tor cu tem\u0103 de panda adaug\u0103 dr\u0103g\u0103l\u0103\u0219enie \u0219i farmec<\/li>\n<li>Iluminare LED moale pentru o atmosfer\u0103 lini\u0219tit\u0103<\/li>\n<li>Dimensiuni perfecte pentru a completa orice spa\u021biu<\/li>\n<li>Modernul se \u00eent\u00e2lne\u0219te cu simplitatea pentru un farmec atemporal<\/li>\n<li>Mi\u0219care dinamic\u0103 a picioarelor pentru un plus de distrac\u021bie<\/li>\n<li>Func\u021bionare silen\u021bioas\u0103 pentru un mediu lini\u0219tit<\/li>\n<\/ul><\/div>\n","protected":false},"excerpt":{"rendered":"<p>Atrage aten\u021bia oaspe\u021bilor|Me\u0219te\u0219ug durabil \u0219i de \u00eencredere|Cadoul perfect pentru copii \u0219i iubitorii de panda|Se integreaz\u0103 u\u0219or \u00een orice tem\u0103 de decor|Dimensiuni produs: 50 cm x 36 cm x 5 cm|Con\u021binut pachet: 1\u00d7 ceas de perete, 1\u00d7 telecomand\u0103 (baterie inclus\u0103)|Cerin\u021be de alimentare: 5 baterii AA (1x ceas, 1x picioare oscilante, 3x band\u0103 luminoas\u0103 (bateriile nu sunt incluse))|Impermeabil \u0219i antifouling, potrivit pentru cur\u0103\u021bare u\u0219oar\u0103<\/p>\n","protected":false},"featured_media":94182,"template":"","meta":[],"product_cat":[16,17],"product_tag":[2170,1259],"acf":[],"_links":{"self":[{"href":"https:\/\/smania.store\/ro\/wp-json\/wp\/v2\/product\/94192"}],"collection":[{"href":"https:\/\/smania.store\/ro\/wp-json\/wp\/v2\/product"}],"about":[{"href":"https:\/\/smania.store\/ro\/wp-json\/wp\/v2\/types\/product"}],"wp:featuredmedia":[{"embeddable":true,"href":"https:\/\/smania.store\/ro\/wp-json\/wp\/v2\/media\/94182"}],"wp:attachment":[{"href":"https:\/\/smania.store\/ro\/wp-json\/wp\/v2\/media?parent=94192"}],"wp:term":[{"taxonomy":"product_cat","embeddable":true,"href":"https:\/\/smania.store\/ro\/wp-json\/wp\/v2\/product_cat?post=94192"},{"taxonomy":"product_tag","embeddable":true,"href":"https:\/\/smania.store\/ro\/wp-json\/wp\/v2\/product_tag?post=94192"}],"curies":[{"name":"wp","href":"https:\/\/api.w.org\/{rel}","templated":true}]}}